{"id":7007,"date":"2024-02-11T19:14:02","date_gmt":"2024-02-11T22:14:02","guid":{"rendered":"https:\/\/alfaconstrutoraeloteadora.com.br\/site\/?page_id=7007"},"modified":"2024-04-22T20:12:19","modified_gmt":"2024-04-22T23:12:19","slug":"apresentacao","status":"publish","type":"page","link":"https:\/\/alfaconstrutoraeloteadora.com.br\/site\/apresentacao\/","title":{"rendered":"Apresenta\u00e7\u00e3o"},"content":{"rendered":"\t\t<div data-elementor-type=\"wp-page\" data-elementor-id=\"7007\" class=\"elementor elementor-7007\" data-elementor-post-type=\"page\">\n\t\t\t\t\t\t\t<div class=\"elementor-element elementor-element-33dc2f01 elementor-hidden-tablet elementor-hidden-mobile e-flex e-con-boxed e-con e-parent\" data-id=\"33dc2f01\" data-element_type=\"container\" data-settings=\"{&quot;content_width&quot;:&quot;boxed&quot;}\" data-core-v316-plus=\"true\">\n\t\t\t\t\t<div class=\"e-con-inner\">\n\t\t\t\t\t<\/div>\n\t\t\t\t<\/div>\n\t\t<div class=\"elementor-element elementor-element-0b3c7b8 e-flex e-con-boxed e-con e-parent\" data-id=\"0b3c7b8\" data-element_type=\"container\" data-settings=\"{&quot;content_width&quot;:&quot;boxed&quot;}\" data-core-v316-plus=\"true\">\n\t\t\t\t\t<div class=\"e-con-inner\">\n\t\t\t\t<div class=\"elementor-element elementor-element-99b0852 elementor-widget elementor-widget-heading\" data-id=\"99b0852\" data-element_type=\"widget\" data-widget_type=\"heading.default\">\n\t\t\t\t<div class=\"elementor-widget-container\">\n\t\t\t<style>\/*! elementor - v3.18.0 - 20-12-2023 *\/\n.elementor-heading-title{padding:0;margin:0;line-height:1}.elementor-widget-heading .elementor-heading-title[class*=elementor-size-]>a{color:inherit;font-size:inherit;line-height:inherit}.elementor-widget-heading .elementor-heading-title.elementor-size-small{font-size:15px}.elementor-widget-heading .elementor-heading-title.elementor-size-medium{font-size:19px}.elementor-widget-heading .elementor-heading-title.elementor-size-large{font-size:29px}.elementor-widget-heading .elementor-heading-title.elementor-size-xl{font-size:39px}.elementor-widget-heading .elementor-heading-title.elementor-size-xxl{font-size:59px}<\/style><h2 class=\"elementor-heading-title elementor-size-default\">Apresenta\u00e7\u00e3o - Alfa Construtora: L\u00edderes em constru\u00e7\u00e3o e pavimenta\u00e7\u00e3o.<\/h2>\t\t<\/div>\n\t\t\t\t<\/div>\n\t\t\t\t<div class=\"elementor-element elementor-element-507770e elementor-widget elementor-widget-text-editor\" data-id=\"507770e\" data-element_type=\"widget\" data-widget_type=\"text-editor.default\">\n\t\t\t\t<div class=\"elementor-widget-container\">\n\t\t\t<style>\/*! elementor - v3.18.0 - 20-12-2023 *\/\n.elementor-widget-text-editor.elementor-drop-cap-view-stacked .elementor-drop-cap{background-color:#69727d;color:#fff}.elementor-widget-text-editor.elementor-drop-cap-view-framed .elementor-drop-cap{color:#69727d;border:3px solid;background-color:transparent}.elementor-widget-text-editor:not(.elementor-drop-cap-view-default) .elementor-drop-cap{margin-top:8px}.elementor-widget-text-editor:not(.elementor-drop-cap-view-default) .elementor-drop-cap-letter{width:1em;height:1em}.elementor-widget-text-editor .elementor-drop-cap{float:left;text-align:center;line-height:1;font-size:50px}.elementor-widget-text-editor .elementor-drop-cap-letter{display:inline-block}<\/style>\t\t\t\t<h5>Ao longo dos \u00faltimos 13 anos, a Alfa Construtora tem desempenhado um papel fundamental na transforma\u00e7\u00e3o do cen\u00e1rio da constru\u00e7\u00e3o civil e infraestrutura. Com uma hist\u00f3ria rica e repleta de conquistas, nossa empresa se consolidou como uma refer\u00eancia indiscut\u00edvel no setor.<\/h5><h5>\u00a0<\/h5><h5>Desde o in\u00edcio, temos trilhado uma jornada de constante aprendizado e evolu\u00e7\u00e3o. A cada projeto conclu\u00eddo, a cada desafio superado, nossa experi\u00eancia tem crescido e se fortalecido. Nosso portf\u00f3lio diversificado inclui obras de infraestrutura, saneamento e constru\u00e7\u00e3o civil, mas \u00e9 no campo da pavimenta\u00e7\u00e3o que encontramos nosso verdadeiro diferencial.<\/h5><h5>\u00a0<\/h5><h5>Aqui, na Alfa Construtora, pavimentar n\u00e3o \u00e9 apenas construir estradas; \u00e9 esculpir um caminho para o futuro. Nossa per\u00edcia brilha com destaque nos servi\u00e7os de pavimenta\u00e7\u00e3o em pisos sextavados e intertravados, que se destacam n\u00e3o apenas pela durabilidade, mas tamb\u00e9m pelo visual e apelo est\u00e9tico que adicionam a qualquer ambiente. Al\u00e9m disso, nossa especializa\u00e7\u00e3o em manilhamento se traduz em solu\u00e7\u00f5es eficientes para lidar com o gerenciamento de \u00e1guas pluviais e saneamento, refor\u00e7ando nossa posi\u00e7\u00e3o como l\u00edderes na constru\u00e7\u00e3o civil e infraestrutura.<\/h5><h5>\u00a0<\/h5><h5>Cada projeto em que nos envolvemos n\u00e3o \u00e9 apenas um trabalho; \u00e9 uma oportunidade de demonstrar nosso conhecimento \u00fanico e nossa experi\u00eancia especializada. Nossa equipe apaixonada \u00e9 impulsionada pelo compromisso com a excel\u00eancia, pela busca incessante de solu\u00e7\u00f5es inovadoras e pelo desejo de superar as expectativas dos nossos clientes. Cada constru\u00e7\u00e3o que entregamos, seja um piso intertravado meticulosamente instalado, uma estrada pavimentada com perfei\u00e7\u00e3o ou um sistema de manilhamento eficaz, \u00e9 um testemunho do nosso compromisso.<\/h5>\t\t\t\t\t\t<\/div>\n\t\t\t\t<\/div>\n\t\t\t\t<div class=\"elementor-element elementor-element-6f89c08 elementor-widget elementor-widget-heading\" data-id=\"6f89c08\" data-element_type=\"widget\" data-widget_type=\"heading.default\">\n\t\t\t\t<div class=\"elementor-widget-container\">\n\t\t\t<h2 class=\"elementor-heading-title elementor-size-default\">Miss\u00e3o<\/h2>\t\t<\/div>\n\t\t\t\t<\/div>\n\t\t\t\t<div class=\"elementor-element elementor-element-245ceaf elementor-widget elementor-widget-text-editor\" data-id=\"245ceaf\" data-element_type=\"widget\" data-widget_type=\"text-editor.default\">\n\t\t\t\t<div class=\"elementor-widget-container\">\n\t\t\t\t\t\t\t<h5>Nossa miss\u00e3o \u00e9 liderar o caminho na cria\u00e7\u00e3o de infraestruturas s\u00f3lidas, que conectam comunidades e impulsionam o progresso. Com nossa experi\u00eancia, responsabilidade e dedica\u00e7\u00e3o \u00e0 inova\u00e7\u00e3o, buscamos melhorar a qualidade de vida das pessoas, proporcionando solu\u00e7\u00f5es de constru\u00e7\u00e3o de alto n\u00edvel que resistem ao teste do tempo e contribuem para o desenvolvimento econ\u00f4mico e social.<\/h5>\t\t\t\t\t\t<\/div>\n\t\t\t\t<\/div>\n\t\t\t\t<div class=\"elementor-element elementor-element-df29659 elementor-widget elementor-widget-heading\" data-id=\"df29659\" data-element_type=\"widget\" data-widget_type=\"heading.default\">\n\t\t\t\t<div class=\"elementor-widget-container\">\n\t\t\t<h2 class=\"elementor-heading-title elementor-size-default\">Vis\u00e3o<\/h2>\t\t<\/div>\n\t\t\t\t<\/div>\n\t\t\t\t<div class=\"elementor-element elementor-element-aada42c elementor-widget elementor-widget-text-editor\" data-id=\"aada42c\" data-element_type=\"widget\" data-widget_type=\"text-editor.default\">\n\t\t\t\t<div class=\"elementor-widget-container\">\n\t\t\t\t\t\t\t<h5>Nossa vis\u00e3o \u00e9 ser reconhecida globalmente como uma empresa de constru\u00e7\u00e3o de refer\u00eancia, que vai al\u00e9m das expectativas de nossos clientes. Desejamos ser l\u00edderes em inova\u00e7\u00e3o, implementando pr\u00e1ticas sustent\u00e1veis e impulsionando o avan\u00e7o do setor. Buscamos um futuro em que nossos projetos sejam modelos de excel\u00eancia e que nossa marca seja sin\u00f4nimo de confian\u00e7a, qualidade e responsabilidade em todos os lugares em que atuamos.<\/h5>\t\t\t\t\t\t<\/div>\n\t\t\t\t<\/div>\n\t\t\t\t<div class=\"elementor-element elementor-element-f624d67 elementor-widget elementor-widget-heading\" data-id=\"f624d67\" data-element_type=\"widget\" data-widget_type=\"heading.default\">\n\t\t\t\t<div class=\"elementor-widget-container\">\n\t\t\t<h2 class=\"elementor-heading-title elementor-size-default\">Nossos Valores<\/h2>\t\t<\/div>\n\t\t\t\t<\/div>\n\t\t\t\t<div class=\"elementor-element elementor-element-104a83b elementor-widget elementor-widget-text-editor\" data-id=\"104a83b\" data-element_type=\"widget\" data-widget_type=\"text-editor.default\">\n\t\t\t\t<div class=\"elementor-widget-container\">\n\t\t\t\t\t\t\t<h5>Na Alfa Construtora, nossos valores fundamentais s\u00e3o o alicerce de nossa empresa e o guia para cada a\u00e7\u00e3o que tomamos. Esses valores s\u00e3o:<\/h5><h5>\u00a0<\/h5><h5><strong>Experi\u00eancia:<\/strong> A experi\u00eancia \u00e9 o cora\u00e7\u00e3o da nossa empresa. Ao longo de 12 anos de hist\u00f3ria, acumulamos conhecimento valioso e habilidades especializadas que s\u00e3o aplicadas em cada projeto que realizamos. Acreditamos que a experi\u00eancia \u00e9 a base da qualidade e da excel\u00eancia, e \u00e9 o que nos permite enfrentar desafios complexos com confian\u00e7a.<\/h5><h5><strong>Responsabilidade: <\/strong>A responsabilidade \u00e9 um princ\u00edpio n\u00e3o negoci\u00e1vel em nossa empresa. Somos 100%\u00a0 respons\u00e1veis perante os nossos clientes. Cumprir nossos compromissos, garantir a seguran\u00e7a em nossos projetos e agir eticamente s\u00e3o princ\u00edpios que orientam nosso comportamento diariamente.<\/h5><h5><strong>Inova\u00e7\u00e3o:<\/strong> A inova\u00e7\u00e3o \u00e9 a for\u00e7a propulsora que nos mant\u00e9m na vanguarda do setor de constru\u00e7\u00e3o. Estamos constantemente buscando maneiras de aprimorar nossos m\u00e9todos e incorporar novas tecnologias. Acreditamos que a inova\u00e7\u00e3o \u00e9 a chave para a entrega de solu\u00e7\u00f5es mais eficazes e eficientes aos nossos clientes, bem como para construir um futuro mais brilhante e sustent\u00e1vel.<\/h5><h5>\u00a0<\/h5><h5><strong>Nossos valores n\u00e3o s\u00e3o apenas palavras em um papel, mas princ\u00edpios que vivemos e respiramos todos os dias<\/strong>. Eles definem quem somos como empresa e como equipe, e nos guiam na realiza\u00e7\u00e3o de projetos de constru\u00e7\u00e3o de alta qualidade que fazem a diferen\u00e7a no mundo.<\/h5>\t\t\t\t\t\t<\/div>\n\t\t\t\t<\/div>\n\t\t\t\t\t<\/div>\n\t\t\t\t<\/div>\n\t\t\t\t\t\t\t<\/div>\n\t\t","protected":false},"excerpt":{"rendered":"<div class=\"tmnf_excerpt\"><p>Apresenta\u00e7\u00e3o &#8211; Alfa Construtora: L\u00edderes em constru\u00e7\u00e3o e pavimenta\u00e7\u00e3o. Ao longo dos \u00faltimos 13 anos, a Alfa Construtora tem desempenhado um papel fundamental na transforma\u00e7\u00e3o do cen\u00e1rio da constru\u00e7\u00e3o civil e infraestrutura. Com uma hist\u00f3ria rica e repleta de conquistas, nossa empresa se consolidou como uma refer\u00eancia indiscut\u00edvel no setor. \u00a0 Desde o in\u00edcio, temos &hellip;<\/p>\n<\/div>","protected":false},"author":1,"featured_media":0,"parent":0,"menu_order":0,"comment_status":"closed","ping_status":"closed","template":"elementor_header_footer","meta":{"footnotes":"","_joinchat":[]},"aioseo_notices":[],"_links":{"self":[{"href":"https:\/\/alfaconstrutoraeloteadora.com.br\/site\/wp-json\/wp\/v2\/pages\/7007"}],"collection":[{"href":"https:\/\/alfaconstrutoraeloteadora.com.br\/site\/wp-json\/wp\/v2\/pages"}],"about":[{"href":"https:\/\/alfaconstrutoraeloteadora.com.br\/site\/wp-json\/wp\/v2\/types\/page"}],"author":[{"embeddable":true,"href":"https:\/\/alfaconstrutoraeloteadora.com.br\/site\/wp-json\/wp\/v2\/users\/1"}],"replies":[{"embeddable":true,"href":"https:\/\/alfaconstrutoraeloteadora.com.br\/site\/wp-json\/wp\/v2\/comments?post=7007"}],"version-history":[{"count":13,"href":"https:\/\/alfaconstrutoraeloteadora.com.br\/site\/wp-json\/wp\/v2\/pages\/7007\/revisions"}],"predecessor-version":[{"id":7081,"href":"https:\/\/alfaconstrutoraeloteadora.com.br\/site\/wp-json\/wp\/v2\/pages\/7007\/revisions\/7081"}],"wp:attachment":[{"href":"https:\/\/alfaconstrutoraeloteadora.com.br\/site\/wp-json\/wp\/v2\/media?parent=7007"}],"curies":[{"name":"wp","href":"https:\/\/api.w.org\/{rel}","templated":true}]}}