{"id":6455,"date":"2024-01-13T20:00:47","date_gmt":"2024-01-13T23:00:47","guid":{"rendered":"https:\/\/alfaconstrutoraeloteadora.com.br\/site\/?page_id=6455"},"modified":"2024-05-01T21:02:19","modified_gmt":"2024-05-02T00:02:19","slug":"trevo-oriente","status":"publish","type":"page","link":"https:\/\/alfaconstrutoraeloteadora.com.br\/site\/trevo-oriente\/","title":{"rendered":"TREVO ORIENTE"},"content":{"rendered":"\t\t<div data-elementor-type=\"wp-page\" data-elementor-id=\"6455\" class=\"elementor elementor-6455\" data-elementor-post-type=\"page\">\n\t\t\t\t\t\t\t<div class=\"elementor-element elementor-element-34023948 elementor-hidden-tablet elementor-hidden-mobile e-flex e-con-boxed e-con e-parent\" data-id=\"34023948\" data-element_type=\"container\" data-settings=\"{&quot;content_width&quot;:&quot;boxed&quot;}\" data-core-v316-plus=\"true\">\n\t\t\t\t\t<div class=\"e-con-inner\">\n\t\t\t\t\t<\/div>\n\t\t\t\t<\/div>\n\t\t<div class=\"elementor-element elementor-element-5c3cb20f e-flex e-con-boxed e-con e-parent\" data-id=\"5c3cb20f\" data-element_type=\"container\" data-settings=\"{&quot;content_width&quot;:&quot;boxed&quot;}\" data-core-v316-plus=\"true\">\n\t\t\t\t\t<div class=\"e-con-inner\">\n\t\t<div class=\"elementor-element elementor-element-309cd058 e-con-full e-flex e-con e-child\" data-id=\"309cd058\" data-element_type=\"container\" data-settings=\"{&quot;content_width&quot;:&quot;full&quot;}\">\n\t\t\t\t<div class=\"elementor-element elementor-element-75f8a220 elementor-widget elementor-widget-heading\" data-id=\"75f8a220\" data-element_type=\"widget\" data-widget_type=\"heading.default\">\n\t\t\t\t<div class=\"elementor-widget-container\">\n\t\t\t<style>\/*! elementor - v3.18.0 - 20-12-2023 *\/\n.elementor-heading-title{padding:0;margin:0;line-height:1}.elementor-widget-heading .elementor-heading-title[class*=elementor-size-]>a{color:inherit;font-size:inherit;line-height:inherit}.elementor-widget-heading .elementor-heading-title.elementor-size-small{font-size:15px}.elementor-widget-heading .elementor-heading-title.elementor-size-medium{font-size:19px}.elementor-widget-heading .elementor-heading-title.elementor-size-large{font-size:29px}.elementor-widget-heading .elementor-heading-title.elementor-size-xl{font-size:39px}.elementor-widget-heading .elementor-heading-title.elementor-size-xxl{font-size:59px}<\/style><h2 class=\"elementor-heading-title elementor-size-default\">TREVO ORIENTE - Dimens\u00f5es: 59x59x4 cm<\/h2>\t\t<\/div>\n\t\t\t\t<\/div>\n\t\t\t\t<\/div>\n\t\t\t\t\t<\/div>\n\t\t\t\t<\/div>\n\t\t<div class=\"elementor-element elementor-element-529b6c52 e-flex e-con-boxed e-con e-parent\" data-id=\"529b6c52\" data-element_type=\"container\" data-settings=\"{&quot;content_width&quot;:&quot;boxed&quot;}\" data-core-v316-plus=\"true\">\n\t\t\t\t\t<div class=\"e-con-inner\">\n\t\t<div class=\"elementor-element elementor-element-4fb07865 e-con-full e-flex e-con e-child\" data-id=\"4fb07865\" data-element_type=\"container\" data-settings=\"{&quot;content_width&quot;:&quot;full&quot;}\">\n\t\t<div class=\"elementor-element elementor-element-35ee182c e-con-full e-flex e-con e-child\" data-id=\"35ee182c\" data-element_type=\"container\" data-settings=\"{&quot;content_width&quot;:&quot;full&quot;,&quot;background_background&quot;:&quot;classic&quot;}\">\n\t\t\t\t<div class=\"elementor-element elementor-element-326e29cd elementor-widget elementor-widget-heading\" data-id=\"326e29cd\" data-element_type=\"widget\" data-widget_type=\"heading.default\">\n\t\t\t\t<div class=\"elementor-widget-container\">\n\t\t\t<h2 class=\"elementor-heading-title elementor-size-default\">Descri\u00e7\u00e3o detalhada do produto:<\/h2>\t\t<\/div>\n\t\t\t\t<\/div>\n\t\t\t\t<div class=\"elementor-element elementor-element-744ab86d elementor-widget elementor-widget-text-editor\" data-id=\"744ab86d\" data-element_type=\"widget\" data-widget_type=\"text-editor.default\">\n\t\t\t\t<div class=\"elementor-widget-container\">\n\t\t\t<style>\/*! elementor - v3.18.0 - 20-12-2023 *\/\n.elementor-widget-text-editor.elementor-drop-cap-view-stacked .elementor-drop-cap{background-color:#69727d;color:#fff}.elementor-widget-text-editor.elementor-drop-cap-view-framed .elementor-drop-cap{color:#69727d;border:3px solid;background-color:transparent}.elementor-widget-text-editor:not(.elementor-drop-cap-view-default) .elementor-drop-cap{margin-top:8px}.elementor-widget-text-editor:not(.elementor-drop-cap-view-default) .elementor-drop-cap-letter{width:1em;height:1em}.elementor-widget-text-editor .elementor-drop-cap{float:left;text-align:center;line-height:1;font-size:50px}.elementor-widget-text-editor .elementor-drop-cap-letter{display:inline-block}<\/style>\t\t\t\t<h5>Em compara\u00e7\u00e3o com alguns m\u00e9todos de pavimenta\u00e7\u00e3o mais complexos, a instala\u00e7\u00e3o de pisos de concreto pode ser relativamente r\u00e1pida, contribuindo para economia de tempo.<\/h5>\t\t\t\t\t\t<\/div>\n\t\t\t\t<\/div>\n\t\t\t\t<\/div>\n\t\t<div class=\"elementor-element elementor-element-525c83dd e-con-full e-flex e-con e-child\" data-id=\"525c83dd\" data-element_type=\"container\" data-settings=\"{&quot;content_width&quot;:&quot;full&quot;,&quot;background_background&quot;:&quot;classic&quot;}\">\n\t\t\t\t<div class=\"elementor-element elementor-element-10721d4e elementor-widget elementor-widget-heading\" data-id=\"10721d4e\" data-element_type=\"widget\" data-widget_type=\"heading.default\">\n\t\t\t\t<div class=\"elementor-widget-container\">\n\t\t\t<h2 class=\"elementor-heading-title elementor-size-default\">Aplica\u00e7\u00f5es<\/h2>\t\t<\/div>\n\t\t\t\t<\/div>\n\t\t\t\t<div class=\"elementor-element elementor-element-135dfd59 elementor-widget elementor-widget-text-editor\" data-id=\"135dfd59\" data-element_type=\"widget\" data-widget_type=\"text-editor.default\">\n\t\t\t\t<div class=\"elementor-widget-container\">\n\t\t\t\t\t\t\t<h5>Sua versatilidade se destaca, sendo ideal para p\u00e1tios, cal\u00e7adas e \u00e1reas de circula\u00e7\u00e3o de pessoas.<\/h5>\t\t\t\t\t\t<\/div>\n\t\t\t\t<\/div>\n\t\t\t\t<\/div>\n\t\t\t\t<div class=\"elementor-element elementor-element-2cbd4415 elementor-arrows-position-inside elementor-pagination-position-outside elementor-widget elementor-widget-image-carousel\" data-id=\"2cbd4415\" data-element_type=\"widget\" data-settings=\"{&quot;slides_to_show&quot;:&quot;1&quot;,&quot;navigation&quot;:&quot;both&quot;,&quot;autoplay&quot;:&quot;yes&quot;,&quot;pause_on_hover&quot;:&quot;yes&quot;,&quot;pause_on_interaction&quot;:&quot;yes&quot;,&quot;autoplay_speed&quot;:5000,&quot;infinite&quot;:&quot;yes&quot;,&quot;effect&quot;:&quot;slide&quot;,&quot;speed&quot;:500}\" data-widget_type=\"image-carousel.default\">\n\t\t\t\t<div class=\"elementor-widget-container\">\n\t\t\t<style>\/*! elementor - v3.18.0 - 20-12-2023 *\/\n.elementor-widget-image-carousel .swiper,.elementor-widget-image-carousel .swiper-container{position:static}.elementor-widget-image-carousel .swiper-container .swiper-slide figure,.elementor-widget-image-carousel .swiper .swiper-slide figure{line-height:inherit}.elementor-widget-image-carousel .swiper-slide{text-align:center}.elementor-image-carousel-wrapper:not(.swiper-container-initialized):not(.swiper-initialized) .swiper-slide{max-width:calc(100% \/ var(--e-image-carousel-slides-to-show, 3))}<\/style>\t\t<div class=\"elementor-image-carousel-wrapper swiper\" dir=\"ltr\">\n\t\t\t<div class=\"elementor-image-carousel swiper-wrapper\" aria-live=\"off\">\n\t\t\t\t\t\t\t\t<div class=\"swiper-slide\" role=\"group\" aria-roledescription=\"slide\" aria-label=\"1 de 1\"><figure class=\"swiper-slide-inner\"><img decoding=\"async\" class=\"swiper-slide-image\" src=\"https:\/\/alfaconstrutoraeloteadora.com.br\/site\/wp-content\/uploads\/2024\/05\/trevooriente_1.jpeg\" alt=\"trevooriente_1\" \/><\/figure><\/div>\t\t\t<\/div>\n\t\t\t\t\t<\/div>\n\t\t\t\t<\/div>\n\t\t\t\t<\/div>\n\t\t\t\t<\/div>\n\t\t<div class=\"elementor-element elementor-element-3900d26 e-con-full e-flex e-con e-child\" data-id=\"3900d26\" data-element_type=\"container\" data-settings=\"{&quot;content_width&quot;:&quot;full&quot;}\">\n\t\t<div class=\"elementor-element elementor-element-7df7dd0e e-flex e-con-boxed e-con e-child\" data-id=\"7df7dd0e\" data-element_type=\"container\" data-settings=\"{&quot;content_width&quot;:&quot;boxed&quot;}\">\n\t\t\t\t\t<div class=\"e-con-inner\">\n\t\t\t\t<div class=\"elementor-element elementor-element-6c6254f2 elementor-nav-menu__text-align-aside elementor-widget elementor-widget-nav-menu\" data-id=\"6c6254f2\" data-element_type=\"widget\" data-settings=\"{&quot;layout&quot;:&quot;dropdown&quot;,&quot;submenu_icon&quot;:{&quot;value&quot;:&quot;&lt;svg class=\\&quot;e-font-icon-svg e-fas-caret-down\\&quot; viewBox=\\&quot;0 0 320 512\\&quot; xmlns=\\&quot;http:\\\/\\\/www.w3.org\\\/2000\\\/svg\\&quot;&gt;&lt;path d=\\&quot;M31.3 192h257.3c17.8 0 26.7 21.5 14.1 34.1L174.1 354.8c-7.8 7.8-20.5 7.8-28.3 0L17.2 226.1C4.6 213.5 13.5 192 31.3 192z\\&quot;&gt;&lt;\\\/path&gt;&lt;\\\/svg&gt;&quot;,&quot;library&quot;:&quot;fa-solid&quot;}}\" data-widget_type=\"nav-menu.default\">\n\t\t\t\t<div class=\"elementor-widget-container\">\n\t\t\t<link rel=\"stylesheet\" href=\"https:\/\/alfaconstrutoraeloteadora.com.br\/site\/wp-content\/plugins\/elementor-pro\/assets\/css\/widget-nav-menu.min.css\">\t\t\t<nav class=\"elementor-nav-menu--dropdown elementor-nav-menu__container\" aria-hidden=\"true\">\n\t\t\t\t<ul id=\"menu-2-6c6254f2\" class=\"elementor-nav-menu\"><li class=\"menu-item menu-item-type-custom menu-item-object-custom menu-item-has-children menu-item-6591\"><a href=\"#\" class=\"elementor-item elementor-item-anchor\" tabindex=\"-1\">MAIS PRODUTOS<\/a>\n<ul class=\"sub-menu elementor-nav-menu--dropdown\">\n\t<li class=\"menu-item menu-item-type-post_type menu-item-object-page menu-item-6567\"><a href=\"https:\/\/alfaconstrutoraeloteadora.com.br\/site\/antiderrapante-10-frisos\/\" class=\"elementor-sub-item\" tabindex=\"-1\">ANTIDERRAPANTE 10 FRISOS<\/a><\/li>\n\t<li class=\"menu-item menu-item-type-post_type menu-item-object-page menu-item-6568\"><a href=\"https:\/\/alfaconstrutoraeloteadora.com.br\/site\/bloquete-sextavado\/\" class=\"elementor-sub-item\" tabindex=\"-1\">BLOQUETE SEXTAVADO<\/a><\/li>\n\t<li class=\"menu-item menu-item-type-post_type menu-item-object-page menu-item-6569\"><a href=\"https:\/\/alfaconstrutoraeloteadora.com.br\/site\/concregrama\/\" class=\"elementor-sub-item\" tabindex=\"-1\">CONCREGRAMA<\/a><\/li>\n\t<li class=\"menu-item menu-item-type-post_type menu-item-object-page menu-item-6570\"><a href=\"https:\/\/alfaconstrutoraeloteadora.com.br\/site\/concreto-ripado\/\" class=\"elementor-sub-item\" tabindex=\"-1\">CONCRETO RIPADO<\/a><\/li>\n\t<li class=\"menu-item menu-item-type-post_type menu-item-object-page menu-item-6571\"><a href=\"https:\/\/alfaconstrutoraeloteadora.com.br\/site\/elemento-vazado-4-pontas\/\" class=\"elementor-sub-item\" tabindex=\"-1\">ELEMENTO VAZADO 4 PONTAS<\/a><\/li>\n\t<li class=\"menu-item menu-item-type-post_type menu-item-object-page menu-item-6572\"><a href=\"https:\/\/alfaconstrutoraeloteadora.com.br\/site\/elemento-vazado-combugol\/\" class=\"elementor-sub-item\" tabindex=\"-1\">ELEMENTO VAZADO COMBUGOL<\/a><\/li>\n\t<li class=\"menu-item menu-item-type-post_type menu-item-object-page menu-item-6573\"><a href=\"https:\/\/alfaconstrutoraeloteadora.com.br\/site\/elemento-vazado-compose\/\" class=\"elementor-sub-item\" tabindex=\"-1\">ELEMENTO VAZADO COMPOS\u00c9<\/a><\/li>\n\t<li class=\"menu-item menu-item-type-post_type menu-item-object-page menu-item-6574\"><a href=\"https:\/\/alfaconstrutoraeloteadora.com.br\/site\/elemento-vazado-flor\/\" class=\"elementor-sub-item\" tabindex=\"-1\">ELEMENTO VAZADO FLOR<\/a><\/li>\n\t<li class=\"menu-item menu-item-type-post_type menu-item-object-page menu-item-6575\"><a href=\"https:\/\/alfaconstrutoraeloteadora.com.br\/site\/elemento-vazado-taco-chines\/\" class=\"elementor-sub-item\" tabindex=\"-1\">ELEMENTO VAZADO TACO CHIN\u00caS<\/a><\/li>\n\t<li class=\"menu-item menu-item-type-post_type menu-item-object-page menu-item-6576\"><a href=\"https:\/\/alfaconstrutoraeloteadora.com.br\/site\/ladrilho-copacabana\/\" class=\"elementor-sub-item\" tabindex=\"-1\">LADRILHO COPACABANA<\/a><\/li>\n\t<li class=\"menu-item menu-item-type-post_type menu-item-object-page menu-item-6577\"><a href=\"https:\/\/alfaconstrutoraeloteadora.com.br\/site\/ladrilho-estriado\/\" class=\"elementor-sub-item\" tabindex=\"-1\">LADRILHO ESTRIADO<\/a><\/li>\n\t<li class=\"menu-item menu-item-type-post_type menu-item-object-page menu-item-6578\"><a href=\"https:\/\/alfaconstrutoraeloteadora.com.br\/site\/ladrilho-quadrado-estriado\/\" class=\"elementor-sub-item\" tabindex=\"-1\">LADRILHO QUADRADO ESTRIADO<\/a><\/li>\n\t<li class=\"menu-item menu-item-type-post_type menu-item-object-page menu-item-6579\"><a href=\"https:\/\/alfaconstrutoraeloteadora.com.br\/site\/ladrilho-quadrado-rustico\/\" class=\"elementor-sub-item\" tabindex=\"-1\">LADRILHO QUADRADO R\u00daSTICO<\/a><\/li>\n\t<li class=\"menu-item menu-item-type-post_type menu-item-object-page menu-item-6580\"><a href=\"https:\/\/alfaconstrutoraeloteadora.com.br\/site\/ladrilho-quadrado-trabalhado\/\" class=\"elementor-sub-item\" tabindex=\"-1\">LADRILHO QUADRADO TRABALHADO<\/a><\/li>\n\t<li class=\"menu-item menu-item-type-post_type menu-item-object-page menu-item-6581\"><a href=\"https:\/\/alfaconstrutoraeloteadora.com.br\/site\/ladrilho-xadrez\/\" class=\"elementor-sub-item\" tabindex=\"-1\">LADRILHO XADREZ<\/a><\/li>\n\t<li class=\"menu-item menu-item-type-post_type menu-item-object-page menu-item-6582\"><a href=\"https:\/\/alfaconstrutoraeloteadora.com.br\/site\/ossinho-chanfrado\/\" class=\"elementor-sub-item\" tabindex=\"-1\">OSSINHO CHANFRADO<\/a><\/li>\n\t<li class=\"menu-item menu-item-type-post_type menu-item-object-page menu-item-6583\"><a href=\"https:\/\/alfaconstrutoraeloteadora.com.br\/site\/paver-16-faces\/\" class=\"elementor-sub-item\" tabindex=\"-1\">PAVER 16 FACES<\/a><\/li>\n\t<li class=\"menu-item menu-item-type-post_type menu-item-object-page menu-item-6584\"><a href=\"https:\/\/alfaconstrutoraeloteadora.com.br\/site\/paver-retangular\/\" class=\"elementor-sub-item\" tabindex=\"-1\">PAVER RETANGULAR<\/a><\/li>\n\t<li class=\"menu-item menu-item-type-post_type menu-item-object-page menu-item-6585\"><a href=\"https:\/\/alfaconstrutoraeloteadora.com.br\/site\/pingadeira-chapeu\/\" class=\"elementor-sub-item\" tabindex=\"-1\">PINGADEIRA CHAP\u00c9U<\/a><\/li>\n\t<li class=\"menu-item menu-item-type-post_type menu-item-object-page menu-item-6586\"><a href=\"https:\/\/alfaconstrutoraeloteadora.com.br\/site\/pingadeira-reta\/\" class=\"elementor-sub-item\" tabindex=\"-1\">PINGADEIRA RETA<\/a><\/li>\n\t<li class=\"menu-item menu-item-type-post_type menu-item-object-page menu-item-6587\"><a href=\"https:\/\/alfaconstrutoraeloteadora.com.br\/site\/piso-tatil-bolinha\/\" class=\"elementor-sub-item\" tabindex=\"-1\">PISO T\u00c1TIL BOLINHA<\/a><\/li>\n\t<li class=\"menu-item menu-item-type-post_type menu-item-object-page menu-item-6588\"><a href=\"https:\/\/alfaconstrutoraeloteadora.com.br\/site\/piso-tatil-reto\/\" class=\"elementor-sub-item\" tabindex=\"-1\">PISO T\u00c1TIL RETO<\/a><\/li>\n\t<li class=\"menu-item menu-item-type-post_type menu-item-object-page menu-item-6589\"><a href=\"https:\/\/alfaconstrutoraeloteadora.com.br\/site\/raquetinha\/\" class=\"elementor-sub-item\" tabindex=\"-1\">RAQUETINHA<\/a><\/li>\n\t<li class=\"menu-item menu-item-type-post_type menu-item-object-page menu-item-6590\"><a href=\"https:\/\/alfaconstrutoraeloteadora.com.br\/site\/trevo-oriente\/\" class=\"elementor-sub-item\" tabindex=\"-1\">TREVO ORIENTE<\/a><\/li>\n<\/ul>\n<\/li>\n<\/ul>\t\t\t<\/nav>\n\t\t\t\t<\/div>\n\t\t\t\t<\/div>\n\t\t\t\t<div class=\"elementor-element elementor-element-3215ca45 elementor-widget elementor-widget-heading\" data-id=\"3215ca45\" data-element_type=\"widget\" data-widget_type=\"heading.default\">\n\t\t\t\t<div class=\"elementor-widget-container\">\n\t\t\t<h2 class=\"elementor-heading-title elementor-size-default\">FA\u00c7A SEU OR\u00c7AMENTO!<\/h2>\t\t<\/div>\n\t\t\t\t<\/div>\n\t\t\t\t\t<\/div>\n\t\t\t\t<\/div>\n\t\t<div class=\"elementor-element elementor-element-36f510f4 e-flex e-con-boxed e-con e-child\" data-id=\"36f510f4\" data-element_type=\"container\" data-settings=\"{&quot;content_width&quot;:&quot;boxed&quot;}\">\n\t\t\t\t\t<div class=\"e-con-inner\">\n\t\t\t\t<div class=\"elementor-element elementor-element-5556784e elementor-widget elementor-widget-wpforms\" data-id=\"5556784e\" data-element_type=\"widget\" data-widget_type=\"wpforms.default\">\n\t\t\t\t<div class=\"elementor-widget-container\">\n\t\t\t<style id=\"wpforms-css-vars-root\">\n\t\t\t\t:root {\n\t\t\t\t\t--wpforms-field-border-radius: 3px;\n--wpforms-field-background-color: #ffffff;\n--wpforms-field-border-color: rgba( 0, 0, 0, 0.25 );\n--wpforms-field-text-color: rgba( 0, 0, 0, 0.7 );\n--wpforms-label-color: rgba( 0, 0, 0, 0.85 );\n--wpforms-label-sublabel-color: rgba( 0, 0, 0, 0.55 );\n--wpforms-label-error-color: #d63637;\n--wpforms-button-border-radius: 3px;\n--wpforms-button-background-color: #066aab;\n--wpforms-button-text-color: #ffffff;\n--wpforms-field-size-input-height: 43px;\n--wpforms-field-size-input-spacing: 15px;\n--wpforms-field-size-font-size: 16px;\n--wpforms-field-size-line-height: 19px;\n--wpforms-field-size-padding-h: 14px;\n--wpforms-field-size-checkbox-size: 16px;\n--wpforms-field-size-sublabel-spacing: 5px;\n--wpforms-field-size-icon-size: 1;\n--wpforms-label-size-font-size: 16px;\n--wpforms-label-size-line-height: 19px;\n--wpforms-label-size-sublabel-font-size: 14px;\n--wpforms-label-size-sublabel-line-height: 17px;\n--wpforms-button-size-font-size: 17px;\n--wpforms-button-size-height: 41px;\n--wpforms-button-size-padding-h: 15px;\n--wpforms-button-size-margin-top: 10px;\n\n\t\t\t\t}\n\t\t\t<\/style><style id=\"wpforms-css-vars-elementor-widget-5556784e\">\n\t\t\t\t.elementor-widget-wpforms.elementor-element-5556784e {\n\t\t\t\t\t--wpforms-field-size-input-height: 43px;\n--wpforms-field-size-input-spacing: 15px;\n--wpforms-field-size-font-size: 16px;\n--wpforms-field-size-line-height: 19px;\n--wpforms-field-size-padding-h: 14px;\n--wpforms-field-size-checkbox-size: 16px;\n--wpforms-field-size-sublabel-spacing: 5px;\n--wpforms-field-size-icon-size: 1;\n--wpforms-label-size-font-size: 16px;\n--wpforms-label-size-line-height: 19px;\n--wpforms-label-size-sublabel-font-size: 14px;\n--wpforms-label-size-sublabel-line-height: 17px;\n--wpforms-button-size-font-size: 17px;\n--wpforms-button-size-height: 41px;\n--wpforms-button-size-padding-h: 15px;\n--wpforms-button-size-margin-top: 10px;\n\n\t\t\t\t}\n\t\t\t<\/style>\r\n<style type=\"text\/css\">\r\n\r\nbody #wpforms-6519 {\r\nmargin:0px ;padding:0px  ;}\r\n\r\n\r\n\r\n\r\n\r\n\r\n\r\n\r\n\r\n\r\n\r\n \r\n\tbody #wpforms-6519 .wpforms-form .wpforms-field .wpforms-field-description {\r\n\r\n\t\tline-height:0px ;padding:0px ;\t}\r\n \r\n\tbody #wpforms-6519 .wpforms-form .wpforms-field label.wpforms-field-label {\r\n\t\tline-height:0px ;padding:0px ;\t}\r\n\r\n\/* Styling for Tablets *\/\r\n@media only screen and (max-width: 800px) and (min-width:481px) {\r\n\t\r\n\r\n\r\n\t   body #wpforms-6519 .wpforms-form .wpforms-field label.wpforms-field-label{\r\n\t\t line-height:0px ;\t\t}       \r\n\t   body #wpforms-6519 .wpforms-form .wpforms-field .wpforms-field-description {\r\n\t\t line-height:0px ;\t\t}      \r\n\r\n\r\n}\r\n\r\n@media only screen and (max-width: 480px){\r\n\t\r\n\r\n\r\n\t   body #wpforms-6519 .wpforms-form .wpforms-field label.wpforms-field-label{\r\n\t\t line-height:0px ;\t\t}       \r\n\t   body #wpforms-6519 .wpforms-form .wpforms-field .wpforms-field-description {\r\n\t\t line-height:0px ;\t\t}       \r\n\r\n}\r\n\/*Option to add custom CSS *\/\r\n\r\n\r\n\r\n\r\n\t\t<\/style>\r\n\t\t<div class=\"wpforms-container wpforms-container-full wpforms-render-modern\" id=\"wpforms-6519\"><form id=\"wpforms-form-6519\" class=\"wpforms-validate wpforms-form wpforms-ajax-form\" data-formid=\"6519\" method=\"post\" enctype=\"multipart\/form-data\" action=\"\/site\/wp-json\/wp\/v2\/pages\/6455\" data-token=\"c60643aaa51be6055fda818e6c168270\"><noscript class=\"wpforms-error-noscript\">Ative o JavaScript no seu navegador para preencher este formul\u00e1rio.<\/noscript><div class=\"wpforms-hidden\" id=\"wpforms-error-noscript\">Ative o JavaScript no seu navegador para preencher este formul\u00e1rio.<\/div><div class=\"wpforms-field-container\"><div id=\"wpforms-6519-field_1-container\" class=\"wpforms-field wpforms-field-name\" data-field-id=\"1\"><label class=\"wpforms-field-label\" for=\"wpforms-6519-field_1\">Nome Completo \/ Raz\u00e3o Social: <span class=\"wpforms-required-label\" aria-hidden=\"true\">*<\/span><\/label><input type=\"text\" id=\"wpforms-6519-field_1\" class=\"wpforms-field-medium wpforms-field-required\" name=\"wpforms[fields][1]\" aria-errormessage=\"wpforms-6519-field_1-error\" required><\/div><div id=\"wpforms-6519-field_9-container\" class=\"wpforms-field wpforms-field-name\" data-field-id=\"9\"><label class=\"wpforms-field-label\" for=\"wpforms-6519-field_9\">Telefone(s): <span class=\"wpforms-required-label\" aria-hidden=\"true\">*<\/span><\/label><input type=\"text\" id=\"wpforms-6519-field_9\" class=\"wpforms-field-medium wpforms-field-required\" name=\"wpforms[fields][9]\" aria-errormessage=\"wpforms-6519-field_9-error\" required><\/div><div id=\"wpforms-6519-field_8-container\" class=\"wpforms-field wpforms-field-email\" data-field-id=\"8\"><label class=\"wpforms-field-label\" for=\"wpforms-6519-field_8\">Email: <span class=\"wpforms-required-label\" aria-hidden=\"true\">*<\/span><\/label><input type=\"email\" id=\"wpforms-6519-field_8\" class=\"wpforms-field-medium wpforms-field-required\" name=\"wpforms[fields][8]\" spellcheck=\"false\" aria-errormessage=\"wpforms-6519-field_8-error\" required><\/div><div id=\"wpforms-6519-field_10-container\" class=\"wpforms-field wpforms-field-name\" data-field-id=\"10\"><label class=\"wpforms-field-label\" for=\"wpforms-6519-field_10\">Cidade e Estado (UF): <span class=\"wpforms-required-label\" aria-hidden=\"true\">*<\/span><\/label><input type=\"text\" id=\"wpforms-6519-field_10\" class=\"wpforms-field-medium wpforms-field-required\" name=\"wpforms[fields][10]\" aria-errormessage=\"wpforms-6519-field_10-error\" required><\/div><div id=\"wpforms-6519-field_4-container\" class=\"wpforms-field wpforms-field-radio\" data-field-id=\"4\"><fieldset><legend class=\"wpforms-field-label\">Unidade de medida: <span class=\"wpforms-required-label\" aria-hidden=\"true\">*<\/span><\/legend><ul id=\"wpforms-6519-field_4\" class=\"wpforms-field-required\"><li class=\"choice-1 depth-1 wpforms-selected\"><input type=\"radio\" id=\"wpforms-6519-field_4_1\" name=\"wpforms[fields][4]\" value=\"Metros quadrados\" aria-errormessage=\"wpforms-6519-field_4_1-error\" required  checked='checked'><label class=\"wpforms-field-label-inline\" for=\"wpforms-6519-field_4_1\">Metros quadrados<\/label><\/li><li class=\"choice-2 depth-1\"><input type=\"radio\" id=\"wpforms-6519-field_4_2\" name=\"wpforms[fields][4]\" value=\"Unidades\" aria-errormessage=\"wpforms-6519-field_4_2-error\" required ><label class=\"wpforms-field-label-inline\" for=\"wpforms-6519-field_4_2\">Unidades<\/label><\/li><\/ul><\/fieldset><\/div><div id=\"wpforms-6519-field_11-container\" class=\"wpforms-field wpforms-field-number\" data-field-id=\"11\"><label class=\"wpforms-field-label\" for=\"wpforms-6519-field_11\">Quantidade: <span class=\"wpforms-required-label\" aria-hidden=\"true\">*<\/span><\/label><input type=\"number\" pattern=\"\\d*\" id=\"wpforms-6519-field_11\" class=\"wpforms-field-medium wpforms-field-required\" name=\"wpforms[fields][11]\" aria-errormessage=\"wpforms-6519-field_11-error\" required><\/div><div id=\"wpforms-6519-field_7-container\" class=\"wpforms-field wpforms-field-textarea\" data-field-id=\"7\"><label class=\"wpforms-field-label\" for=\"wpforms-6519-field_7\">Observa\u00e7\u00f5es \/ D\u00favidas:<\/label><textarea id=\"wpforms-6519-field_7\" class=\"wpforms-field-medium\" name=\"wpforms[fields][7]\" aria-errormessage=\"wpforms-6519-field_7-error\" ><\/textarea><\/div><\/div><!-- .wpforms-field-container --><div class=\"wpforms-submit-container\" ><input type=\"hidden\" name=\"wpforms[id]\" value=\"6519\"><input type=\"hidden\" name=\"wpforms[author]\" value=\"1\"><button type=\"submit\" name=\"wpforms[submit]\" id=\"wpforms-submit-6519\" class=\"wpforms-submit\" data-alt-text=\"Enviando...\" data-submit-text=\"Enviar informa\u00e7\u00f5es\" aria-live=\"assertive\" value=\"wpforms-submit\">Enviar informa\u00e7\u00f5es<\/button><img decoding=\"async\" src=\"https:\/\/alfaconstrutoraeloteadora.com.br\/site\/wp-content\/plugins\/wpforms-lite\/assets\/images\/submit-spin.svg\" class=\"wpforms-submit-spinner\" style=\"display: none;\" width=\"26\" height=\"26\" alt=\"Carregando\"><\/div><\/form><\/div>  <!-- .wpforms-container -->\t\t<\/div>\n\t\t\t\t<\/div>\n\t\t\t\t\t<\/div>\n\t\t\t\t<\/div>\n\t\t\t\t<\/div>\n\t\t\t\t\t<\/div>\n\t\t\t\t<\/div>\n\t\t\t\t\t\t\t<\/div>\n\t\t","protected":false},"excerpt":{"rendered":"<div class=\"tmnf_excerpt\"><p>TREVO ORIENTE &#8211; Dimens\u00f5es: 59x59x4 cm Descri\u00e7\u00e3o detalhada do produto: Em compara\u00e7\u00e3o com alguns m\u00e9todos de pavimenta\u00e7\u00e3o mais complexos, a instala\u00e7\u00e3o de pisos de concreto pode ser relativamente r\u00e1pida, contribuindo para economia de tempo. Aplica\u00e7\u00f5es Sua versatilidade se destaca, sendo ideal para p\u00e1tios, cal\u00e7adas e \u00e1reas de circula\u00e7\u00e3o de pessoas. FA\u00c7A SEU OR\u00c7AMENTO! Ative o &hellip;<\/p>\n<\/div>","protected":false},"author":1,"featured_media":0,"parent":0,"menu_order":0,"comment_status":"closed","ping_status":"closed","template":"elementor_header_footer","meta":{"footnotes":"","_joinchat":[]},"aioseo_notices":[],"_links":{"self":[{"href":"https:\/\/alfaconstrutoraeloteadora.com.br\/site\/wp-json\/wp\/v2\/pages\/6455"}],"collection":[{"href":"https:\/\/alfaconstrutoraeloteadora.com.br\/site\/wp-json\/wp\/v2\/pages"}],"about":[{"href":"https:\/\/alfaconstrutoraeloteadora.com.br\/site\/wp-json\/wp\/v2\/types\/page"}],"author":[{"embeddable":true,"href":"https:\/\/alfaconstrutoraeloteadora.com.br\/site\/wp-json\/wp\/v2\/users\/1"}],"replies":[{"embeddable":true,"href":"https:\/\/alfaconstrutoraeloteadora.com.br\/site\/wp-json\/wp\/v2\/comments?post=6455"}],"version-history":[{"count":10,"href":"https:\/\/alfaconstrutoraeloteadora.com.br\/site\/wp-json\/wp\/v2\/pages\/6455\/revisions"}],"predecessor-version":[{"id":7116,"href":"https:\/\/alfaconstrutoraeloteadora.com.br\/site\/wp-json\/wp\/v2\/pages\/6455\/revisions\/7116"}],"wp:attachment":[{"href":"https:\/\/alfaconstrutoraeloteadora.com.br\/site\/wp-json\/wp\/v2\/media?parent=6455"}],"curies":[{"name":"wp","href":"https:\/\/api.w.org\/{rel}","templated":true}]}}