{"id":6354,"date":"2024-01-12T16:31:47","date_gmt":"2024-01-12T19:31:47","guid":{"rendered":"https:\/\/alfaconstrutoraeloteadora.com.br\/site\/?page_id=6354"},"modified":"2024-08-09T17:03:33","modified_gmt":"2024-08-09T20:03:33","slug":"fale-conosco","status":"publish","type":"page","link":"https:\/\/alfaconstrutoraeloteadora.com.br\/site\/fale-conosco\/","title":{"rendered":"Fale Conosco"},"content":{"rendered":"\t\t<div data-elementor-type=\"wp-page\" data-elementor-id=\"6354\" class=\"elementor elementor-6354\" data-elementor-post-type=\"page\">\n\t\t\t\t\t\t\t<div class=\"elementor-element elementor-element-3f3a9e96 elementor-hidden-tablet elementor-hidden-mobile e-flex e-con-boxed e-con e-parent\" data-id=\"3f3a9e96\" data-element_type=\"container\" data-settings=\"{&quot;content_width&quot;:&quot;boxed&quot;}\" data-core-v316-plus=\"true\">\n\t\t\t\t\t<div class=\"e-con-inner\">\n\t\t\t\t\t<\/div>\n\t\t\t\t<\/div>\n\t\t<div class=\"elementor-element elementor-element-19eb7c7 e-flex e-con-boxed e-con e-parent\" data-id=\"19eb7c7\" data-element_type=\"container\" data-settings=\"{&quot;content_width&quot;:&quot;boxed&quot;}\" data-core-v316-plus=\"true\">\n\t\t\t\t\t<div class=\"e-con-inner\">\n\t\t\t\t<div class=\"elementor-element elementor-element-9ca419d elementor-widget elementor-widget-heading\" data-id=\"9ca419d\" data-element_type=\"widget\" data-widget_type=\"heading.default\">\n\t\t\t\t<div class=\"elementor-widget-container\">\n\t\t\t<style>\/*! elementor - v3.18.0 - 20-12-2023 *\/\n.elementor-heading-title{padding:0;margin:0;line-height:1}.elementor-widget-heading .elementor-heading-title[class*=elementor-size-]>a{color:inherit;font-size:inherit;line-height:inherit}.elementor-widget-heading .elementor-heading-title.elementor-size-small{font-size:15px}.elementor-widget-heading .elementor-heading-title.elementor-size-medium{font-size:19px}.elementor-widget-heading .elementor-heading-title.elementor-size-large{font-size:29px}.elementor-widget-heading .elementor-heading-title.elementor-size-xl{font-size:39px}.elementor-widget-heading .elementor-heading-title.elementor-size-xxl{font-size:59px}<\/style><h2 class=\"elementor-heading-title elementor-size-default\">Fale Conosco<\/h2>\t\t<\/div>\n\t\t\t\t<\/div>\n\t\t\t\t\t<\/div>\n\t\t\t\t<\/div>\n\t\t<div class=\"elementor-element elementor-element-2cf2dd0 e-flex e-con-boxed e-con e-parent\" data-id=\"2cf2dd0\" data-element_type=\"container\" data-settings=\"{&quot;content_width&quot;:&quot;boxed&quot;}\" data-core-v316-plus=\"true\">\n\t\t\t\t\t<div class=\"e-con-inner\">\n\t\t<div class=\"elementor-element elementor-element-f0c9ba4 e-con-full e-flex e-con e-child\" data-id=\"f0c9ba4\" data-element_type=\"container\" data-settings=\"{&quot;content_width&quot;:&quot;full&quot;}\">\n\t\t\t\t<div class=\"elementor-element elementor-element-f8c5f77 elementor-widget elementor-widget-text-editor\" data-id=\"f8c5f77\" data-element_type=\"widget\" data-widget_type=\"text-editor.default\">\n\t\t\t\t<div class=\"elementor-widget-container\">\n\t\t\t<style>\/*! elementor - v3.18.0 - 20-12-2023 *\/\n.elementor-widget-text-editor.elementor-drop-cap-view-stacked .elementor-drop-cap{background-color:#69727d;color:#fff}.elementor-widget-text-editor.elementor-drop-cap-view-framed .elementor-drop-cap{color:#69727d;border:3px solid;background-color:transparent}.elementor-widget-text-editor:not(.elementor-drop-cap-view-default) .elementor-drop-cap{margin-top:8px}.elementor-widget-text-editor:not(.elementor-drop-cap-view-default) .elementor-drop-cap-letter{width:1em;height:1em}.elementor-widget-text-editor .elementor-drop-cap{float:left;text-align:center;line-height:1;font-size:50px}.elementor-widget-text-editor .elementor-drop-cap-letter{display:inline-block}<\/style>\t\t\t\t<h5>Para qualquer informa\u00e7\u00e3o, d\u00favida ou coment\u00e1rio, por favor ligue: (35) 3343-3379. Ou preencha o fomul\u00e1rio:<\/h5>\t\t\t\t\t\t<\/div>\n\t\t\t\t<\/div>\n\t\t\t\t<div class=\"elementor-element elementor-element-a92c168 elementor-widget elementor-widget-wpforms\" data-id=\"a92c168\" data-element_type=\"widget\" data-widget_type=\"wpforms.default\">\n\t\t\t\t<div class=\"elementor-widget-container\">\n\t\t\t<style id=\"wpforms-css-vars-root\">\n\t\t\t\t:root {\n\t\t\t\t\t--wpforms-field-border-radius: 3px;\n--wpforms-field-background-color: #ffffff;\n--wpforms-field-border-color: rgba( 0, 0, 0, 0.25 );\n--wpforms-field-text-color: rgba( 0, 0, 0, 0.7 );\n--wpforms-label-color: rgba( 0, 0, 0, 0.85 );\n--wpforms-label-sublabel-color: rgba( 0, 0, 0, 0.55 );\n--wpforms-label-error-color: #d63637;\n--wpforms-button-border-radius: 3px;\n--wpforms-button-background-color: #066aab;\n--wpforms-button-text-color: #ffffff;\n--wpforms-field-size-input-height: 43px;\n--wpforms-field-size-input-spacing: 15px;\n--wpforms-field-size-font-size: 16px;\n--wpforms-field-size-line-height: 19px;\n--wpforms-field-size-padding-h: 14px;\n--wpforms-field-size-checkbox-size: 16px;\n--wpforms-field-size-sublabel-spacing: 5px;\n--wpforms-field-size-icon-size: 1;\n--wpforms-label-size-font-size: 16px;\n--wpforms-label-size-line-height: 19px;\n--wpforms-label-size-sublabel-font-size: 14px;\n--wpforms-label-size-sublabel-line-height: 17px;\n--wpforms-button-size-font-size: 17px;\n--wpforms-button-size-height: 41px;\n--wpforms-button-size-padding-h: 15px;\n--wpforms-button-size-margin-top: 10px;\n\n\t\t\t\t}\n\t\t\t<\/style><style id=\"wpforms-css-vars-elementor-widget-a92c168\">\n\t\t\t\t.elementor-widget-wpforms.elementor-element-a92c168 {\n\t\t\t\t\t--wpforms-field-size-input-height: 43px;\n--wpforms-field-size-input-spacing: 15px;\n--wpforms-field-size-font-size: 16px;\n--wpforms-field-size-line-height: 19px;\n--wpforms-field-size-padding-h: 14px;\n--wpforms-field-size-checkbox-size: 16px;\n--wpforms-field-size-sublabel-spacing: 5px;\n--wpforms-field-size-icon-size: 1;\n--wpforms-label-size-font-size: 16px;\n--wpforms-label-size-line-height: 19px;\n--wpforms-label-size-sublabel-font-size: 14px;\n--wpforms-label-size-sublabel-line-height: 17px;\n--wpforms-button-size-font-size: 17px;\n--wpforms-button-size-height: 41px;\n--wpforms-button-size-padding-h: 15px;\n--wpforms-button-size-margin-top: 10px;\n\n\t\t\t\t}\n\t\t\t<\/style><div class=\"wpforms-container wpforms-container-full wpforms-render-modern\" id=\"wpforms-6911\"><form id=\"wpforms-form-6911\" class=\"wpforms-validate wpforms-form wpforms-ajax-form\" data-formid=\"6911\" method=\"post\" enctype=\"multipart\/form-data\" action=\"\/site\/wp-json\/wp\/v2\/pages\/6354\" data-token=\"97fc92c60ea0378ed080be3dd7a4dc65\"><noscript class=\"wpforms-error-noscript\">Ative o JavaScript no seu navegador para preencher este formul\u00e1rio.<\/noscript><div class=\"wpforms-hidden\" id=\"wpforms-error-noscript\">Ative o JavaScript no seu navegador para preencher este formul\u00e1rio.<\/div><div class=\"wpforms-field-container\"><div id=\"wpforms-6911-field_1-container\" class=\"wpforms-field wpforms-field-name\" data-field-id=\"1\"><label class=\"wpforms-field-label\" for=\"wpforms-6911-field_1\">Nome Completo \/ Raz\u00e3o Social: <span class=\"wpforms-required-label\" aria-hidden=\"true\">*<\/span><\/label><input type=\"text\" id=\"wpforms-6911-field_1\" class=\"wpforms-field-medium wpforms-field-required\" name=\"wpforms[fields][1]\" aria-errormessage=\"wpforms-6911-field_1-error\" required><\/div><div id=\"wpforms-6911-field_9-container\" class=\"wpforms-field wpforms-field-name\" data-field-id=\"9\"><label class=\"wpforms-field-label\" for=\"wpforms-6911-field_9\">Telefone(s): <span class=\"wpforms-required-label\" aria-hidden=\"true\">*<\/span><\/label><input type=\"text\" id=\"wpforms-6911-field_9\" class=\"wpforms-field-medium wpforms-field-required\" name=\"wpforms[fields][9]\" aria-errormessage=\"wpforms-6911-field_9-error\" required><\/div><div id=\"wpforms-6911-field_8-container\" class=\"wpforms-field wpforms-field-email\" data-field-id=\"8\"><label class=\"wpforms-field-label\" for=\"wpforms-6911-field_8\">Email: <span class=\"wpforms-required-label\" aria-hidden=\"true\">*<\/span><\/label><input type=\"email\" id=\"wpforms-6911-field_8\" class=\"wpforms-field-medium wpforms-field-required\" name=\"wpforms[fields][8]\" spellcheck=\"false\" aria-errormessage=\"wpforms-6911-field_8-error\" required><\/div><div id=\"wpforms-6911-field_10-container\" class=\"wpforms-field wpforms-field-name\" data-field-id=\"10\"><label class=\"wpforms-field-label\" for=\"wpforms-6911-field_10\">Cidade e Estado (UF): <span class=\"wpforms-required-label\" aria-hidden=\"true\">*<\/span><\/label><input type=\"text\" id=\"wpforms-6911-field_10\" class=\"wpforms-field-medium wpforms-field-required\" name=\"wpforms[fields][10]\" aria-errormessage=\"wpforms-6911-field_10-error\" required><\/div><div id=\"wpforms-6911-field_7-container\" class=\"wpforms-field wpforms-field-textarea\" data-field-id=\"7\"><label class=\"wpforms-field-label\" for=\"wpforms-6911-field_7\">Informa\u00e7\u00e3o, d\u00favida ou coment\u00e1rio:<\/label><textarea id=\"wpforms-6911-field_7\" class=\"wpforms-field-medium\" name=\"wpforms[fields][7]\" aria-errormessage=\"wpforms-6911-field_7-error\" ><\/textarea><\/div><\/div><!-- .wpforms-field-container --><div class=\"wpforms-submit-container\" ><input type=\"hidden\" name=\"wpforms[id]\" value=\"6911\"><input type=\"hidden\" name=\"wpforms[author]\" value=\"1\"><button type=\"submit\" name=\"wpforms[submit]\" id=\"wpforms-submit-6911\" class=\"wpforms-submit\" data-alt-text=\"Enviando...\" data-submit-text=\"Enviar informa\u00e7\u00f5es\" aria-live=\"assertive\" value=\"wpforms-submit\">Enviar informa\u00e7\u00f5es<\/button><img decoding=\"async\" src=\"https:\/\/alfaconstrutoraeloteadora.com.br\/site\/wp-content\/plugins\/wpforms-lite\/assets\/images\/submit-spin.svg\" class=\"wpforms-submit-spinner\" style=\"display: none;\" width=\"26\" height=\"26\" alt=\"Carregando\"><\/div><\/form><\/div>  <!-- .wpforms-container -->\t\t<\/div>\n\t\t\t\t<\/div>\n\t\t\t\t<\/div>\n\t\t<div class=\"elementor-element elementor-element-d6d1fa1 e-con-full e-flex e-con e-child\" data-id=\"d6d1fa1\" data-element_type=\"container\" data-settings=\"{&quot;content_width&quot;:&quot;full&quot;}\">\n\t\t\t\t<div class=\"elementor-element elementor-element-7aec779 elementor-widget elementor-widget-heading\" data-id=\"7aec779\" data-element_type=\"widget\" data-widget_type=\"heading.default\">\n\t\t\t\t<div class=\"elementor-widget-container\">\n\t\t\t<h2 class=\"elementor-heading-title elementor-size-default\">Matriz<\/h2>\t\t<\/div>\n\t\t\t\t<\/div>\n\t\t\t\t<div class=\"elementor-element elementor-element-226fe22 elementor-widget elementor-widget-text-editor\" data-id=\"226fe22\" data-element_type=\"widget\" data-widget_type=\"text-editor.default\">\n\t\t\t\t<div class=\"elementor-widget-container\">\n\t\t\t\t\t\t\t<h5><strong>Endere\u00e7o:<\/strong><br \/>Av. Juscelino Kubitschek, 762<br \/>Centro \/ Baependi &#8211; MG<\/h5><h5><strong>E-mail:<\/strong><\/h5><h5>vendas@alfaconstrutoraeloteadora.com.br<\/h5><h5><strong>Telefones para contatos e or\u00e7amentos:<\/strong><br \/>(35) 3183-0379<\/h5>\t\t\t\t\t\t<\/div>\n\t\t\t\t<\/div>\n\t\t\t\t<div class=\"elementor-element elementor-element-4a54843 elementor-widget elementor-widget-heading\" data-id=\"4a54843\" data-element_type=\"widget\" data-widget_type=\"heading.default\">\n\t\t\t\t<div class=\"elementor-widget-container\">\n\t\t\t<h2 class=\"elementor-heading-title elementor-size-default\">Filial<\/h2>\t\t<\/div>\n\t\t\t\t<\/div>\n\t\t\t\t<div class=\"elementor-element elementor-element-d6cd5eb elementor-widget elementor-widget-text-editor\" data-id=\"d6cd5eb\" data-element_type=\"widget\" data-widget_type=\"text-editor.default\">\n\t\t\t\t<div class=\"elementor-widget-container\">\n\t\t\t\t\t\t\t<h5><strong>Endere\u00e7o:<\/strong><br \/>Rua Otto Jargo, s\/n\u00a0<br \/>Federal \/ S\u00e3o Louren\u00e7o &#8211; MG<\/h5><h5><strong>Telefone para contato e or\u00e7amento:<\/strong><br \/>(35) 99149-2366<\/h5>\t\t\t\t\t\t<\/div>\n\t\t\t\t<\/div>\n\t\t\t\t<div class=\"elementor-element elementor-element-ac0ba7c elementor-widget elementor-widget-stratum-advanced-google-map\" data-id=\"ac0ba7c\" data-element_type=\"widget\" data-settings=\"{&quot;map_lat&quot;:-21.954335053067844,&quot;map_lng&quot;:-44.890550104992315,&quot;marker_title&quot;:&quot;ALFA CONSTRUTORA E LOTEADORA&quot;,&quot;marker_lat&quot;:&quot;-21.954320&quot;,&quot;marker_lng&quot;:&quot;-44.890526&quot;,&quot;marker_content&quot;:&quot;ALFA CONSTRUTORA E LOTEADORA ARTEFATOS DE CIMENTO\\nAv. Juscelino Kubitschek, 762 - CENTRO\\nBaependi - MG\\n37443-000\\nBrasil&quot;,&quot;zoom_level&quot;:{&quot;unit&quot;:&quot;px&quot;,&quot;size&quot;:18,&quot;sizes&quot;:[]},&quot;map_type_setup&quot;:&quot;single&quot;,&quot;interaction&quot;:&quot;cooperative&quot;,&quot;marker_type_setup&quot;:&quot;coordinates&quot;,&quot;popup_max_width&quot;:250,&quot;street_view_control&quot;:&quot;yes&quot;,&quot;map_type_control&quot;:&quot;yes&quot;,&quot;zoom_control&quot;:&quot;yes&quot;,&quot;fullscreen_control&quot;:&quot;yes&quot;,&quot;map_theme_source&quot;:&quot;standard&quot;,&quot;map_standards_styles&quot;:&quot;standard&quot;}\" data-widget_type=\"stratum-advanced-google-map.default\">\n\t\t\t\t<div class=\"elementor-widget-container\">\n\t\t\t<div class=\"stratum-advanced-google-map\" data-map-options=\"{&quot;center&quot;:{&quot;mapLat&quot;:&quot;-21.954335053068&quot;,&quot;mapLng&quot;:&quot;-44.890550104992&quot;},&quot;controls&quot;:{&quot;streetViewControl&quot;:true,&quot;mapTypeControl&quot;:true,&quot;zoomControl&quot;:true,&quot;fullscreenControl&quot;:true},&quot;zoomLevel&quot;:{&quot;unit&quot;:&quot;px&quot;,&quot;size&quot;:18,&quot;sizes&quot;:[]},&quot;markerTypeSetup&quot;:&quot;coordinates&quot;,&quot;mapTypeSetup&quot;:&quot;single&quot;,&quot;interaction&quot;:&quot;cooperative&quot;,&quot;markers&quot;:[{&quot;markerLat&quot;:&quot;-21.954320&quot;,&quot;markerLng&quot;:&quot;-44.890526&quot;,&quot;markerTitle&quot;:&quot;ALFA CONSTRUTORA E LOTEADORA&quot;,&quot;markerContent&quot;:&quot;ALFA CONSTRUTORA E LOTEADORA ARTEFATOS DE CIMENTO\\nAv. Juscelino Kubitschek, 762 - CENTRO\\nBaependi - MG\\n37443-000\\nBrasil&quot;,&quot;popupMaxWidth&quot;:250,&quot;isOpenPopup&quot;:false}],&quot;mapTheme&quot;:&quot;standard&quot;}\">\r\n    <div class=\"stratum-advanced-google-map__container\"><\/div>\r\n<\/div>\r\n\t\t<\/div>\n\t\t\t\t<\/div>\n\t\t\t\t<\/div>\n\t\t\t\t\t<\/div>\n\t\t\t\t<\/div>\n\t\t\t\t\t\t\t<\/div>\n\t\t","protected":false},"excerpt":{"rendered":"<div class=\"tmnf_excerpt\"><p>Fale Conosco Para qualquer informa\u00e7\u00e3o, d\u00favida ou coment\u00e1rio, por favor ligue: (35) 3343-3379. Ou preencha o fomul\u00e1rio: Ative o JavaScript no seu navegador para preencher este formul\u00e1rio.Ative o JavaScript no seu navegador para preencher este formul\u00e1rio.Nome Completo \/ Raz\u00e3o Social: *Telefone(s): *Email: *Cidade e Estado (UF): *Informa\u00e7\u00e3o, d\u00favida ou coment\u00e1rio: Enviar informa\u00e7\u00f5es Matriz Endere\u00e7o:Av. Juscelino &hellip;<\/p>\n<\/div>","protected":false},"author":1,"featured_media":0,"parent":0,"menu_order":0,"comment_status":"closed","ping_status":"closed","template":"elementor_header_footer","meta":{"footnotes":"","_joinchat":[]},"aioseo_notices":[],"_links":{"self":[{"href":"https:\/\/alfaconstrutoraeloteadora.com.br\/site\/wp-json\/wp\/v2\/pages\/6354"}],"collection":[{"href":"https:\/\/alfaconstrutoraeloteadora.com.br\/site\/wp-json\/wp\/v2\/pages"}],"about":[{"href":"https:\/\/alfaconstrutoraeloteadora.com.br\/site\/wp-json\/wp\/v2\/types\/page"}],"author":[{"embeddable":true,"href":"https:\/\/alfaconstrutoraeloteadora.com.br\/site\/wp-json\/wp\/v2\/users\/1"}],"replies":[{"embeddable":true,"href":"https:\/\/alfaconstrutoraeloteadora.com.br\/site\/wp-json\/wp\/v2\/comments?post=6354"}],"version-history":[{"count":49,"href":"https:\/\/alfaconstrutoraeloteadora.com.br\/site\/wp-json\/wp\/v2\/pages\/6354\/revisions"}],"predecessor-version":[{"id":7249,"href":"https:\/\/alfaconstrutoraeloteadora.com.br\/site\/wp-json\/wp\/v2\/pages\/6354\/revisions\/7249"}],"wp:attachment":[{"href":"https:\/\/alfaconstrutoraeloteadora.com.br\/site\/wp-json\/wp\/v2\/media?parent=6354"}],"curies":[{"name":"wp","href":"https:\/\/api.w.org\/{rel}","templated":true}]}}