{"id":6332,"date":"2024-01-12T15:57:30","date_gmt":"2024-01-12T18:57:30","guid":{"rendered":"https:\/\/alfaconstrutoraeloteadora.com.br\/site\/?page_id=6332"},"modified":"2024-02-11T20:05:43","modified_gmt":"2024-02-11T23:05:43","slug":"servicos","status":"publish","type":"page","link":"https:\/\/alfaconstrutoraeloteadora.com.br\/site\/servicos\/","title":{"rendered":"Servi\u00e7os"},"content":{"rendered":"\t\t<div data-elementor-type=\"wp-page\" data-elementor-id=\"6332\" class=\"elementor elementor-6332\" data-elementor-post-type=\"page\">\n\t\t\t\t\t\t\t<div class=\"elementor-element elementor-element-6e8a6ccd elementor-hidden-tablet elementor-hidden-mobile e-flex e-con-boxed e-con e-parent\" data-id=\"6e8a6ccd\" data-element_type=\"container\" data-settings=\"{&quot;content_width&quot;:&quot;boxed&quot;}\" data-core-v316-plus=\"true\">\n\t\t\t\t\t<div class=\"e-con-inner\">\n\t\t\t\t\t<\/div>\n\t\t\t\t<\/div>\n\t\t<div class=\"elementor-element elementor-element-5464ee5 e-flex e-con-boxed e-con e-parent\" data-id=\"5464ee5\" data-element_type=\"container\" data-settings=\"{&quot;content_width&quot;:&quot;boxed&quot;}\" data-core-v316-plus=\"true\">\n\t\t\t\t\t<div class=\"e-con-inner\">\n\t\t\t\t<div class=\"elementor-element elementor-element-1340295 elementor-widget elementor-widget-heading\" data-id=\"1340295\" data-element_type=\"widget\" data-widget_type=\"heading.default\">\n\t\t\t\t<div class=\"elementor-widget-container\">\n\t\t\t<style>\/*! elementor - v3.18.0 - 20-12-2023 *\/\n.elementor-heading-title{padding:0;margin:0;line-height:1}.elementor-widget-heading .elementor-heading-title[class*=elementor-size-]>a{color:inherit;font-size:inherit;line-height:inherit}.elementor-widget-heading .elementor-heading-title.elementor-size-small{font-size:15px}.elementor-widget-heading .elementor-heading-title.elementor-size-medium{font-size:19px}.elementor-widget-heading .elementor-heading-title.elementor-size-large{font-size:29px}.elementor-widget-heading .elementor-heading-title.elementor-size-xl{font-size:39px}.elementor-widget-heading .elementor-heading-title.elementor-size-xxl{font-size:59px}<\/style><h2 class=\"elementor-heading-title elementor-size-default\">Servi\u00e7os<\/h2>\t\t<\/div>\n\t\t\t\t<\/div>\n\t\t\t\t\t<\/div>\n\t\t\t\t<\/div>\n\t\t<div class=\"elementor-element elementor-element-d8ac0d9 e-flex e-con-boxed e-con e-parent\" data-id=\"d8ac0d9\" data-element_type=\"container\" data-settings=\"{&quot;content_width&quot;:&quot;boxed&quot;}\" data-core-v316-plus=\"true\">\n\t\t\t\t\t<div class=\"e-con-inner\">\n\t\t<div class=\"elementor-element elementor-element-cad099b e-con-full e-flex e-con e-child\" data-id=\"cad099b\" data-element_type=\"container\" data-settings=\"{&quot;content_width&quot;:&quot;full&quot;}\">\n\t\t<div class=\"elementor-element elementor-element-8ab4b22 e-con-full e-flex e-con e-child\" data-id=\"8ab4b22\" data-element_type=\"container\" data-settings=\"{&quot;content_width&quot;:&quot;full&quot;,&quot;background_background&quot;:&quot;classic&quot;}\">\n\t\t\t\t<div class=\"elementor-element elementor-element-5df217fd elementor-widget elementor-widget-image\" data-id=\"5df217fd\" data-element_type=\"widget\" data-widget_type=\"image.default\">\n\t\t\t\t<div class=\"elementor-widget-container\">\n\t\t\t<style>\/*! elementor - v3.18.0 - 20-12-2023 *\/\n.elementor-widget-image{text-align:center}.elementor-widget-image a{display:inline-block}.elementor-widget-image a img[src$=\".svg\"]{width:48px}.elementor-widget-image img{vertical-align:middle;display:inline-block}<\/style>\t\t\t\t\t\t\t\t\t\t\t\t<img fetchpriority=\"high\" decoding=\"async\" width=\"375\" height=\"284\" src=\"https:\/\/alfaconstrutoraeloteadora.com.br\/site\/wp-content\/uploads\/2024\/02\/pisos_sextavados.webp\" class=\"elementor-animation-shrink attachment-large size-large wp-image-7037\" alt=\"\" srcset=\"https:\/\/alfaconstrutoraeloteadora.com.br\/site\/wp-content\/uploads\/2024\/02\/pisos_sextavados.webp 375w, https:\/\/alfaconstrutoraeloteadora.com.br\/site\/wp-content\/uploads\/2024\/02\/pisos_sextavados-300x227.webp 300w\" sizes=\"(max-width: 375px) 100vw, 375px\" \/>\t\t\t\t\t\t\t\t\t\t\t\t\t\t\t<\/div>\n\t\t\t\t<\/div>\n\t\t\t\t<\/div>\n\t\t\t\t<\/div>\n\t\t<div class=\"elementor-element elementor-element-ae05c17 e-con-full e-flex e-con e-child\" data-id=\"ae05c17\" data-element_type=\"container\" data-settings=\"{&quot;content_width&quot;:&quot;full&quot;}\">\n\t\t\t\t<div class=\"elementor-element elementor-element-5cbc232 elementor-widget elementor-widget-heading\" data-id=\"5cbc232\" data-element_type=\"widget\" data-widget_type=\"heading.default\">\n\t\t\t\t<div class=\"elementor-widget-container\">\n\t\t\t<h2 class=\"elementor-heading-title elementor-size-default\">Pavimenta\u00e7\u00e3o em Pisos Sextavados<\/h2>\t\t<\/div>\n\t\t\t\t<\/div>\n\t\t\t\t<div class=\"elementor-element elementor-element-8dee54c elementor-widget elementor-widget-text-editor\" data-id=\"8dee54c\" data-element_type=\"widget\" data-widget_type=\"text-editor.default\">\n\t\t\t\t<div class=\"elementor-widget-container\">\n\t\t\t<style>\/*! elementor - v3.18.0 - 20-12-2023 *\/\n.elementor-widget-text-editor.elementor-drop-cap-view-stacked .elementor-drop-cap{background-color:#69727d;color:#fff}.elementor-widget-text-editor.elementor-drop-cap-view-framed .elementor-drop-cap{color:#69727d;border:3px solid;background-color:transparent}.elementor-widget-text-editor:not(.elementor-drop-cap-view-default) .elementor-drop-cap{margin-top:8px}.elementor-widget-text-editor:not(.elementor-drop-cap-view-default) .elementor-drop-cap-letter{width:1em;height:1em}.elementor-widget-text-editor .elementor-drop-cap{float:left;text-align:center;line-height:1;font-size:50px}.elementor-widget-text-editor .elementor-drop-cap-letter{display:inline-block}<\/style>\t\t\t\t<h5>A pavimenta\u00e7\u00e3o em pisos sextavados da Alfa Construtora oferece uma solu\u00e7\u00e3o eficaz e de f\u00e1cil instala\u00e7\u00e3o para \u00e1reas exteriores. Esses blocos apresentam um encaixe perfeito, eliminando a necessidade de ferramentas ou equipamentos especiais. A instala\u00e7\u00e3o \u00e9 simplificada gra\u00e7as ao intertravamento natural das pe\u00e7as, proporcionando estabilidade e durabilidade. A camada de base, composta por p\u00f3 de pedra ou areia, aliada ao intertravamento, garante uma superf\u00edcie uniforme e resistente, tornando a pavimenta\u00e7\u00e3o bloquete uma escolha inteligente e eficiente.<\/h5>\t\t\t\t\t\t<\/div>\n\t\t\t\t<\/div>\n\t\t\t\t<\/div>\n\t\t\t\t\t<\/div>\n\t\t\t\t<\/div>\n\t\t<div class=\"elementor-element elementor-element-a8d02fb e-flex e-con-boxed e-con e-parent\" data-id=\"a8d02fb\" data-element_type=\"container\" data-settings=\"{&quot;content_width&quot;:&quot;boxed&quot;}\" data-core-v316-plus=\"true\">\n\t\t\t\t\t<div class=\"e-con-inner\">\n\t\t<div class=\"elementor-element elementor-element-58ceb63 e-con-full e-flex e-con e-child\" data-id=\"58ceb63\" data-element_type=\"container\" data-settings=\"{&quot;content_width&quot;:&quot;full&quot;}\">\n\t\t<div class=\"elementor-element elementor-element-2cd93db e-con-full e-flex e-con e-child\" data-id=\"2cd93db\" data-element_type=\"container\" data-settings=\"{&quot;content_width&quot;:&quot;full&quot;,&quot;background_background&quot;:&quot;classic&quot;}\">\n\t\t\t\t<div class=\"elementor-element elementor-element-507ad84 elementor-widget elementor-widget-image\" data-id=\"507ad84\" data-element_type=\"widget\" data-widget_type=\"image.default\">\n\t\t\t\t<div class=\"elementor-widget-container\">\n\t\t\t\t\t\t\t\t\t\t\t\t\t\t\t<img decoding=\"async\" width=\"340\" height=\"257\" src=\"https:\/\/alfaconstrutoraeloteadora.com.br\/site\/wp-content\/uploads\/2024\/02\/pisos_intertravados.webp\" class=\"elementor-animation-shrink attachment-large size-large wp-image-7038\" alt=\"\" srcset=\"https:\/\/alfaconstrutoraeloteadora.com.br\/site\/wp-content\/uploads\/2024\/02\/pisos_intertravados.webp 340w, https:\/\/alfaconstrutoraeloteadora.com.br\/site\/wp-content\/uploads\/2024\/02\/pisos_intertravados-300x227.webp 300w\" sizes=\"(max-width: 340px) 100vw, 340px\" \/>\t\t\t\t\t\t\t\t\t\t\t\t\t\t\t<\/div>\n\t\t\t\t<\/div>\n\t\t\t\t<\/div>\n\t\t\t\t<\/div>\n\t\t<div class=\"elementor-element elementor-element-4532d87 e-con-full e-flex e-con e-child\" data-id=\"4532d87\" data-element_type=\"container\" data-settings=\"{&quot;content_width&quot;:&quot;full&quot;}\">\n\t\t\t\t<div class=\"elementor-element elementor-element-057b582 elementor-widget elementor-widget-heading\" data-id=\"057b582\" data-element_type=\"widget\" data-widget_type=\"heading.default\">\n\t\t\t\t<div class=\"elementor-widget-container\">\n\t\t\t<h2 class=\"elementor-heading-title elementor-size-default\">Pavimenta\u00e7\u00e3o em Pisos Intertravados<\/h2>\t\t<\/div>\n\t\t\t\t<\/div>\n\t\t\t\t<div class=\"elementor-element elementor-element-94cac7a elementor-widget elementor-widget-text-editor\" data-id=\"94cac7a\" data-element_type=\"widget\" data-widget_type=\"text-editor.default\">\n\t\t\t\t<div class=\"elementor-widget-container\">\n\t\t\t\t\t\t\t<h5>Nossos pisos intertravados s\u00e3o sin\u00f4nimos de resist\u00eancia e versatilidade. Eles garantem excelente ader\u00eancia mesmo quando molhados, tornando-os ideais para \u00e1reas externas. Al\u00e9m disso, sua instala\u00e7\u00e3o inteligente contribui para a preven\u00e7\u00e3o de alagamentos. Se necess\u00e1rio, podem ser facilmente removidos para manuten\u00e7\u00e3o, proporcionando praticidade e economia. Ap\u00f3s a instala\u00e7\u00e3o, podem ser utilizados imediatamente. Com uma variedade de cores dispon\u00edveis, incluindo grafite, amarelo e vermelho, nossos pisos intertravados permitem a personaliza\u00e7\u00e3o do ambiente de acordo com suas prefer\u00eancias.<\/h5>\t\t\t\t\t\t<\/div>\n\t\t\t\t<\/div>\n\t\t\t\t<\/div>\n\t\t\t\t\t<\/div>\n\t\t\t\t<\/div>\n\t\t<div class=\"elementor-element elementor-element-77c1eb0 e-flex e-con-boxed e-con e-parent\" data-id=\"77c1eb0\" data-element_type=\"container\" data-settings=\"{&quot;content_width&quot;:&quot;boxed&quot;}\" data-core-v316-plus=\"true\">\n\t\t\t\t\t<div class=\"e-con-inner\">\n\t\t<div class=\"elementor-element elementor-element-ecf9e30 e-con-full e-flex e-con e-child\" data-id=\"ecf9e30\" data-element_type=\"container\" data-settings=\"{&quot;content_width&quot;:&quot;full&quot;}\">\n\t\t<div class=\"elementor-element elementor-element-c436f8b e-con-full e-flex e-con e-child\" data-id=\"c436f8b\" data-element_type=\"container\" data-settings=\"{&quot;content_width&quot;:&quot;full&quot;,&quot;background_background&quot;:&quot;classic&quot;}\">\n\t\t\t\t<div class=\"elementor-element elementor-element-41255cd elementor-widget elementor-widget-image\" data-id=\"41255cd\" data-element_type=\"widget\" data-widget_type=\"image.default\">\n\t\t\t\t<div class=\"elementor-widget-container\">\n\t\t\t\t\t\t\t\t\t\t\t\t\t\t\t<img decoding=\"async\" width=\"375\" height=\"284\" src=\"https:\/\/alfaconstrutoraeloteadora.com.br\/site\/wp-content\/uploads\/2024\/02\/manilhamento.webp\" class=\"elementor-animation-shrink attachment-large size-large wp-image-7039\" alt=\"\" srcset=\"https:\/\/alfaconstrutoraeloteadora.com.br\/site\/wp-content\/uploads\/2024\/02\/manilhamento.webp 375w, https:\/\/alfaconstrutoraeloteadora.com.br\/site\/wp-content\/uploads\/2024\/02\/manilhamento-300x227.webp 300w\" sizes=\"(max-width: 375px) 100vw, 375px\" \/>\t\t\t\t\t\t\t\t\t\t\t\t\t\t\t<\/div>\n\t\t\t\t<\/div>\n\t\t\t\t<\/div>\n\t\t\t\t<\/div>\n\t\t<div class=\"elementor-element elementor-element-adb55e5 e-con-full e-flex e-con e-child\" data-id=\"adb55e5\" data-element_type=\"container\" data-settings=\"{&quot;content_width&quot;:&quot;full&quot;}\">\n\t\t\t\t<div class=\"elementor-element elementor-element-886e8cc elementor-widget elementor-widget-heading\" data-id=\"886e8cc\" data-element_type=\"widget\" data-widget_type=\"heading.default\">\n\t\t\t\t<div class=\"elementor-widget-container\">\n\t\t\t<h2 class=\"elementor-heading-title elementor-size-default\">Servi\u00e7os de Manilhamento<\/h2>\t\t<\/div>\n\t\t\t\t<\/div>\n\t\t\t\t<div class=\"elementor-element elementor-element-6d06449 elementor-widget elementor-widget-text-editor\" data-id=\"6d06449\" data-element_type=\"widget\" data-widget_type=\"text-editor.default\">\n\t\t\t\t<div class=\"elementor-widget-container\">\n\t\t\t\t\t\t\t<h5>Nossos servi\u00e7os de manilhamento s\u00e3o projetados para resolver desafios de drenagem e evitar inunda\u00e7\u00f5es em \u00e1reas com topografia desafiadora. As manilhas de concreto desempenham um papel fundamental na coleta e direcionamento das \u00e1guas pluviais. Elas s\u00e3o ideais para drenar grandes \u00e1reas e volumes significativos de \u00e1gua, como estacionamentos descobertos, \u00e1reas de grande porte, como shoppings e hospitais, e vias p\u00fablicas, como ruas e avenidas. Essas manilhas fazem parte de um sistema abrangente de drenagem que contribui para a seguran\u00e7a e o conforto das \u00e1reas urbanas, evitando alagamentos e garantindo um ambiente mais sustent\u00e1vel.<\/h5>\t\t\t\t\t\t<\/div>\n\t\t\t\t<\/div>\n\t\t\t\t<\/div>\n\t\t\t\t\t<\/div>\n\t\t\t\t<\/div>\n\t\t\t\t\t\t\t<\/div>\n\t\t","protected":false},"excerpt":{"rendered":"<div class=\"tmnf_excerpt\"><p>Servi\u00e7os Pavimenta\u00e7\u00e3o em Pisos Sextavados A pavimenta\u00e7\u00e3o em pisos sextavados da Alfa Construtora oferece uma solu\u00e7\u00e3o eficaz e de f\u00e1cil instala\u00e7\u00e3o para \u00e1reas exteriores. Esses blocos apresentam um encaixe perfeito, eliminando a necessidade de ferramentas ou equipamentos especiais. A instala\u00e7\u00e3o \u00e9 simplificada gra\u00e7as ao intertravamento natural das pe\u00e7as, proporcionando estabilidade e durabilidade. A camada de &hellip;<\/p>\n<\/div>","protected":false},"author":1,"featured_media":0,"parent":0,"menu_order":0,"comment_status":"closed","ping_status":"closed","template":"elementor_header_footer","meta":{"footnotes":"","_joinchat":[]},"aioseo_notices":[],"_links":{"self":[{"href":"https:\/\/alfaconstrutoraeloteadora.com.br\/site\/wp-json\/wp\/v2\/pages\/6332"}],"collection":[{"href":"https:\/\/alfaconstrutoraeloteadora.com.br\/site\/wp-json\/wp\/v2\/pages"}],"about":[{"href":"https:\/\/alfaconstrutoraeloteadora.com.br\/site\/wp-json\/wp\/v2\/types\/page"}],"author":[{"embeddable":true,"href":"https:\/\/alfaconstrutoraeloteadora.com.br\/site\/wp-json\/wp\/v2\/users\/1"}],"replies":[{"embeddable":true,"href":"https:\/\/alfaconstrutoraeloteadora.com.br\/site\/wp-json\/wp\/v2\/comments?post=6332"}],"version-history":[{"count":16,"href":"https:\/\/alfaconstrutoraeloteadora.com.br\/site\/wp-json\/wp\/v2\/pages\/6332\/revisions"}],"predecessor-version":[{"id":7045,"href":"https:\/\/alfaconstrutoraeloteadora.com.br\/site\/wp-json\/wp\/v2\/pages\/6332\/revisions\/7045"}],"wp:attachment":[{"href":"https:\/\/alfaconstrutoraeloteadora.com.br\/site\/wp-json\/wp\/v2\/media?parent=6332"}],"curies":[{"name":"wp","href":"https:\/\/api.w.org\/{rel}","templated":true}]}}