{"id":6318,"date":"2024-01-12T14:47:37","date_gmt":"2024-01-12T17:47:37","guid":{"rendered":"https:\/\/alfaconstrutoraeloteadora.com.br\/site\/?page_id=6318"},"modified":"2024-02-12T18:22:18","modified_gmt":"2024-02-12T21:22:18","slug":"empreendimentos","status":"publish","type":"page","link":"https:\/\/alfaconstrutoraeloteadora.com.br\/site\/empreendimentos\/","title":{"rendered":"Empreendimentos"},"content":{"rendered":"\t\t<div data-elementor-type=\"wp-page\" data-elementor-id=\"6318\" class=\"elementor elementor-6318\" data-elementor-post-type=\"page\">\n\t\t\t\t\t\t\t<div class=\"elementor-element elementor-element-67b11a2d e-flex e-con-boxed e-con e-parent\" data-id=\"67b11a2d\" data-element_type=\"container\" data-settings=\"{&quot;content_width&quot;:&quot;boxed&quot;}\" data-core-v316-plus=\"true\">\n\t\t\t\t\t<div class=\"e-con-inner\">\n\t\t\t\t\t<\/div>\n\t\t\t\t<\/div>\n\t\t<div class=\"elementor-element elementor-element-30b88f2 e-flex e-con-boxed e-con e-parent\" data-id=\"30b88f2\" data-element_type=\"container\" data-settings=\"{&quot;content_width&quot;:&quot;boxed&quot;}\" data-core-v316-plus=\"true\">\n\t\t\t\t\t<div class=\"e-con-inner\">\n\t\t\t\t<div class=\"elementor-element elementor-element-18e047c elementor-widget elementor-widget-heading\" data-id=\"18e047c\" data-element_type=\"widget\" data-widget_type=\"heading.default\">\n\t\t\t\t<div class=\"elementor-widget-container\">\n\t\t\t<style>\/*! elementor - v3.18.0 - 20-12-2023 *\/\n.elementor-heading-title{padding:0;margin:0;line-height:1}.elementor-widget-heading .elementor-heading-title[class*=elementor-size-]>a{color:inherit;font-size:inherit;line-height:inherit}.elementor-widget-heading .elementor-heading-title.elementor-size-small{font-size:15px}.elementor-widget-heading .elementor-heading-title.elementor-size-medium{font-size:19px}.elementor-widget-heading .elementor-heading-title.elementor-size-large{font-size:29px}.elementor-widget-heading .elementor-heading-title.elementor-size-xl{font-size:39px}.elementor-widget-heading .elementor-heading-title.elementor-size-xxl{font-size:59px}<\/style><h2 class=\"elementor-heading-title elementor-size-default\">Empreendimentos<\/h2>\t\t<\/div>\n\t\t\t\t<\/div>\n\t\t\t\t\t<\/div>\n\t\t\t\t<\/div>\n\t\t<div class=\"elementor-element elementor-element-760af5b2 e-flex e-con-boxed e-con e-parent\" data-id=\"760af5b2\" data-element_type=\"container\" data-settings=\"{&quot;content_width&quot;:&quot;boxed&quot;}\" data-core-v316-plus=\"true\">\n\t\t\t\t\t<div class=\"e-con-inner\">\n\t\t<div class=\"elementor-element elementor-element-498f414f e-con-full e-flex e-con e-child\" data-id=\"498f414f\" data-element_type=\"container\" data-settings=\"{&quot;content_width&quot;:&quot;full&quot;}\">\n\t\t<div class=\"elementor-element elementor-element-416665d0 e-con-full e-flex e-con e-child\" data-id=\"416665d0\" data-element_type=\"container\" data-settings=\"{&quot;content_width&quot;:&quot;full&quot;,&quot;background_background&quot;:&quot;classic&quot;}\">\n\t\t\t\t<div class=\"elementor-element elementor-element-2a17f014 elementor-widget elementor-widget-image\" data-id=\"2a17f014\" data-element_type=\"widget\" data-widget_type=\"image.default\">\n\t\t\t\t<div class=\"elementor-widget-container\">\n\t\t\t<style>\/*! elementor - v3.18.0 - 20-12-2023 *\/\n.elementor-widget-image{text-align:center}.elementor-widget-image a{display:inline-block}.elementor-widget-image a img[src$=\".svg\"]{width:48px}.elementor-widget-image img{vertical-align:middle;display:inline-block}<\/style>\t\t\t\t\t\t\t\t\t\t\t\t\t<a href=\"https:\/\/moradaimoveisminas.com.br\/property\/carmo-de-minas-4\/\">\n\t\t\t\t\t\t\t<img fetchpriority=\"high\" decoding=\"async\" width=\"480\" height=\"320\" src=\"https:\/\/alfaconstrutoraeloteadora.com.br\/site\/wp-content\/uploads\/2024\/02\/WhatsApp-Image-2024-02-12-at-08.56.58-Medium-Mobile.jpeg\" class=\"elementor-animation-shrink attachment-large size-large wp-image-7059\" alt=\"\" srcset=\"https:\/\/alfaconstrutoraeloteadora.com.br\/site\/wp-content\/uploads\/2024\/02\/WhatsApp-Image-2024-02-12-at-08.56.58-Medium-Mobile.jpeg 480w, https:\/\/alfaconstrutoraeloteadora.com.br\/site\/wp-content\/uploads\/2024\/02\/WhatsApp-Image-2024-02-12-at-08.56.58-Medium-Mobile-300x200.jpeg 300w\" sizes=\"(max-width: 480px) 100vw, 480px\" \/>\t\t\t\t\t\t\t\t<\/a>\n\t\t\t\t\t\t\t\t\t\t\t\t\t\t\t<\/div>\n\t\t\t\t<\/div>\n\t\t\t\t<\/div>\n\t\t\t\t<\/div>\n\t\t<div class=\"elementor-element elementor-element-3bf2c4d5 e-con-full e-flex e-con e-child\" data-id=\"3bf2c4d5\" data-element_type=\"container\" data-settings=\"{&quot;content_width&quot;:&quot;full&quot;}\">\n\t\t\t\t<div class=\"elementor-element elementor-element-20027182 elementor-widget elementor-widget-heading\" data-id=\"20027182\" data-element_type=\"widget\" data-widget_type=\"heading.default\">\n\t\t\t\t<div class=\"elementor-widget-container\">\n\t\t\t<h2 class=\"elementor-heading-title elementor-size-default\"><a href=\"https:\/\/moradaimoveisminas.com.br\/property\/carmo-de-minas-4\/\">Condom\u00ednio Colinas do Sol, Carmo de Minas-MG<\/a><\/h2>\t\t<\/div>\n\t\t\t\t<\/div>\n\t\t\t\t<div class=\"elementor-element elementor-element-6a5beb33 elementor-widget elementor-widget-text-editor\" data-id=\"6a5beb33\" data-element_type=\"widget\" data-widget_type=\"text-editor.default\">\n\t\t\t\t<div class=\"elementor-widget-container\">\n\t\t\t<style>\/*! elementor - v3.18.0 - 20-12-2023 *\/\n.elementor-widget-text-editor.elementor-drop-cap-view-stacked .elementor-drop-cap{background-color:#69727d;color:#fff}.elementor-widget-text-editor.elementor-drop-cap-view-framed .elementor-drop-cap{color:#69727d;border:3px solid;background-color:transparent}.elementor-widget-text-editor:not(.elementor-drop-cap-view-default) .elementor-drop-cap{margin-top:8px}.elementor-widget-text-editor:not(.elementor-drop-cap-view-default) .elementor-drop-cap-letter{width:1em;height:1em}.elementor-widget-text-editor .elementor-drop-cap{float:left;text-align:center;line-height:1;font-size:50px}.elementor-widget-text-editor .elementor-drop-cap-letter{display:inline-block}<\/style>\t\t\t\t<h5>Vende-de excelente terreno, no Condom\u00ednio Colinas do Sol, localizado na rodovia S\u00e3o Louren\u00e7o (BR 460) X Carmo de Minas.<\/h5><h5>-&gt; Terreno plano, condom\u00ednio murado possibilitando a delimita\u00e7\u00e3o do terreno, sendo o \u00faltimo lote da quadra trazendo mais tranquilidade devido ao pequeno fluxo de pessoas e carros, tem uma \u00f3tima topografia e j\u00e1 est\u00e1 liberado para constru\u00e7\u00e3o.<\/h5><h5>-&gt; Condom\u00ednio fechado, com paisagismo diferenciado, contendo em sua infraestrutura: bosque nativo, pra\u00e7as, ruas com piso intertravado, cal\u00e7adas ecol\u00f3gicas e totalmente iluminadas, \u00e1reas verdes, espa\u00e7os de conviv\u00eancia, muro de contorno, redes de drenagem pluvial, coletora e esta\u00e7\u00e3o de tratamento de esgoto.<\/h5><h5>Excelente investimento!!<\/h5>\t\t\t\t\t\t<\/div>\n\t\t\t\t<\/div>\n\t\t\t\t<\/div>\n\t\t\t\t\t<\/div>\n\t\t\t\t<\/div>\n\t\t<div class=\"elementor-element elementor-element-5aab51b e-flex e-con-boxed e-con e-parent\" data-id=\"5aab51b\" data-element_type=\"container\" data-settings=\"{&quot;content_width&quot;:&quot;boxed&quot;}\" data-core-v316-plus=\"true\">\n\t\t\t\t\t<div class=\"e-con-inner\">\n\t\t\t\t<div class=\"elementor-element elementor-element-03a9e8a elementor-align-center elementor-widget elementor-widget-button\" data-id=\"03a9e8a\" data-element_type=\"widget\" data-widget_type=\"button.default\">\n\t\t\t\t<div class=\"elementor-widget-container\">\n\t\t\t\t\t<div class=\"elementor-button-wrapper\">\n\t\t\t<a class=\"elementor-button elementor-button-link elementor-size-sm\" href=\"https:\/\/moradaimoveisminas.com.br\/property\/carmo-de-minas-4\/\">\n\t\t\t\t\t\t<span class=\"elementor-button-content-wrapper\">\n\t\t\t\t\t\t<span class=\"elementor-button-icon elementor-align-icon-left\">\n\t\t\t\t<svg aria-hidden=\"true\" class=\"e-font-icon-svg e-fas-search\" viewBox=\"0 0 512 512\" xmlns=\"http:\/\/www.w3.org\/2000\/svg\"><path d=\"M505 442.7L405.3 343c-4.5-4.5-10.6-7-17-7H372c27.6-35.3 44-79.7 44-128C416 93.1 322.9 0 208 0S0 93.1 0 208s93.1 208 208 208c48.3 0 92.7-16.4 128-44v16.3c0 6.4 2.5 12.5 7 17l99.7 99.7c9.4 9.4 24.6 9.4 33.9 0l28.3-28.3c9.4-9.4 9.4-24.6.1-34zM208 336c-70.7 0-128-57.2-128-128 0-70.7 57.2-128 128-128 70.7 0 128 57.2 128 128 0 70.7-57.2 128-128 128z\"><\/path><\/svg>\t\t\t<\/span>\n\t\t\t\t\t\t<span class=\"elementor-button-text\">Clique aqui para saber mais<\/span>\n\t\t<\/span>\n\t\t\t\t\t<\/a>\n\t\t<\/div>\n\t\t\t\t<\/div>\n\t\t\t\t<\/div>\n\t\t\t\t\t<\/div>\n\t\t\t\t<\/div>\n\t\t\t\t\t\t\t<\/div>\n\t\t","protected":false},"excerpt":{"rendered":"<div class=\"tmnf_excerpt\"><p>Empreendimentos Condom\u00ednio Colinas do Sol, Carmo de Minas-MG Vende-de excelente terreno, no Condom\u00ednio Colinas do Sol, localizado na rodovia S\u00e3o Louren\u00e7o (BR 460) X Carmo de Minas. -&gt; Terreno plano, condom\u00ednio murado possibilitando a delimita\u00e7\u00e3o do terreno, sendo o \u00faltimo lote da quadra trazendo mais tranquilidade devido ao pequeno fluxo de pessoas e carros, tem &hellip;<\/p>\n<\/div>","protected":false},"author":1,"featured_media":0,"parent":0,"menu_order":0,"comment_status":"closed","ping_status":"closed","template":"elementor_header_footer","meta":{"footnotes":"","_joinchat":[]},"aioseo_notices":[],"_links":{"self":[{"href":"https:\/\/alfaconstrutoraeloteadora.com.br\/site\/wp-json\/wp\/v2\/pages\/6318"}],"collection":[{"href":"https:\/\/alfaconstrutoraeloteadora.com.br\/site\/wp-json\/wp\/v2\/pages"}],"about":[{"href":"https:\/\/alfaconstrutoraeloteadora.com.br\/site\/wp-json\/wp\/v2\/types\/page"}],"author":[{"embeddable":true,"href":"https:\/\/alfaconstrutoraeloteadora.com.br\/site\/wp-json\/wp\/v2\/users\/1"}],"replies":[{"embeddable":true,"href":"https:\/\/alfaconstrutoraeloteadora.com.br\/site\/wp-json\/wp\/v2\/comments?post=6318"}],"version-history":[{"count":16,"href":"https:\/\/alfaconstrutoraeloteadora.com.br\/site\/wp-json\/wp\/v2\/pages\/6318\/revisions"}],"predecessor-version":[{"id":7068,"href":"https:\/\/alfaconstrutoraeloteadora.com.br\/site\/wp-json\/wp\/v2\/pages\/6318\/revisions\/7068"}],"wp:attachment":[{"href":"https:\/\/alfaconstrutoraeloteadora.com.br\/site\/wp-json\/wp\/v2\/media?parent=6318"}],"curies":[{"name":"wp","href":"https:\/\/api.w.org\/{rel}","templated":true}]}}