{"id":6280,"date":"2024-01-12T14:16:11","date_gmt":"2024-01-12T17:16:11","guid":{"rendered":"https:\/\/alfaconstrutoraeloteadora.com.br\/site\/?page_id=6280"},"modified":"2024-02-11T19:34:35","modified_gmt":"2024-02-11T22:34:35","slug":"publicacoes","status":"publish","type":"page","link":"https:\/\/alfaconstrutoraeloteadora.com.br\/site\/publicacoes\/","title":{"rendered":"Publica\u00e7\u00f5es"},"content":{"rendered":"\t\t<div data-elementor-type=\"wp-page\" data-elementor-id=\"6280\" class=\"elementor elementor-6280\" data-elementor-post-type=\"page\">\n\t\t\t\t\t\t\t<div class=\"elementor-element elementor-element-c5b6e0f e-flex e-con-boxed e-con e-parent\" data-id=\"c5b6e0f\" data-element_type=\"container\" data-settings=\"{&quot;content_width&quot;:&quot;boxed&quot;}\" data-core-v316-plus=\"true\">\n\t\t\t\t\t<div class=\"e-con-inner\">\n\t\t\t\t\t<\/div>\n\t\t\t\t<\/div>\n\t\t<div class=\"elementor-element elementor-element-8855094 e-flex e-con-boxed e-con e-parent\" data-id=\"8855094\" data-element_type=\"container\" data-settings=\"{&quot;content_width&quot;:&quot;boxed&quot;}\" data-core-v316-plus=\"true\">\n\t\t\t\t\t<div class=\"e-con-inner\">\n\t\t\t\t<div class=\"elementor-element elementor-element-85bc4cb elementor-widget elementor-widget-heading\" data-id=\"85bc4cb\" data-element_type=\"widget\" data-widget_type=\"heading.default\">\n\t\t\t\t<div class=\"elementor-widget-container\">\n\t\t\t<style>\/*! elementor - v3.18.0 - 20-12-2023 *\/\n.elementor-heading-title{padding:0;margin:0;line-height:1}.elementor-widget-heading .elementor-heading-title[class*=elementor-size-]>a{color:inherit;font-size:inherit;line-height:inherit}.elementor-widget-heading .elementor-heading-title.elementor-size-small{font-size:15px}.elementor-widget-heading .elementor-heading-title.elementor-size-medium{font-size:19px}.elementor-widget-heading .elementor-heading-title.elementor-size-large{font-size:29px}.elementor-widget-heading .elementor-heading-title.elementor-size-xl{font-size:39px}.elementor-widget-heading .elementor-heading-title.elementor-size-xxl{font-size:59px}<\/style><h2 class=\"elementor-heading-title elementor-size-default\">Publica\u00e7\u00f5es<\/h2>\t\t<\/div>\n\t\t\t\t<\/div>\n\t\t\t\t<div class=\"elementor-element elementor-element-c2619f4 elementor-widget elementor-widget-stratum-instagram\" data-id=\"c2619f4\" data-element_type=\"widget\" data-widget_type=\"stratum-instagram.default\">\n\t\t\t\t<div class=\"elementor-widget-container\">\n\t\t\t<div class=\"stratum-instagram\">\r\n\t<div class=\"stratum-instagram__wrapper masonry-grid\">\r\n\t\t\t\t<div class=\"stratum-instagram__item masonry-item\">\r\n\t\t\t\t<div class=\"stratum-instagram__media-wrapper\">\r\n\t\t\t\t\t<a class=\"stratum-instagram__media-link\" target=\"_blank\" href=\"https:\/\/www.instagram.com\/p\/DX1jsu7kyQp\/\">\r\n\t\t\t\t\t\t\t\t\t\t\t\t\t<img decoding=\"async\" class=\"stratum-instagram__media\" src=\"https:\/\/scontent-gru2-1.cdninstagram.com\/v\/t51.82787-15\/683203061_18099691352074577_5771418758368668347_n.webp?stp=dst-jpg_e35_tt6&#038;_nc_cat=109&#038;ccb=7-5&#038;_nc_sid=18de74&#038;efg=eyJlZmdfdGFnIjoiRkVFRC5iZXN0X2ltYWdlX3VybGdlbi5DMyJ9&#038;_nc_ohc=whCttFGTyj0Q7kNvwGdOs9J&#038;_nc_oc=AdoB97Au89M4cuxVSCHar_TF0SDXd4cY6Rfm-9r6Dq2cs_m-ZLNb7GuMyktx1GJr7e5jh8PQ9j3E6iSfdi_t_NJc&#038;_nc_zt=23&#038;_nc_ht=scontent-gru2-1.cdninstagram.com&#038;edm=ANo9K5cEAAAA&#038;_nc_gid=2sNhvktYk6_-eJmzMW97Xw&#038;_nc_tpa=Q5bMBQEZLSpmEthjKu2C8WYXDYxt_lFcDZq-oIj75OZsOWMq5I6_1AhdGdYVdHMFuGLvR4G_C-e7uK8d1Q&#038;oh=00_Af4eD3pa_omD-h7RLBfHmAjZzotsgLeCWlqAcUB1YE4rrA&#038;oe=69FEA38D\" alt=\"Hoje celebramos com orgulho o anivers\u00e1rio de Baependi! \ud83c\udf89 Uma cidade de hist\u00f3ria rica, gente acolhedora e um futuro cheio de possibilidades. \ud83d\udc99\ud83c\udfe1\u2728 \ud83d\udccdFa\u00e7a-nos uma visita, estamos localizados na Av. Juscelino Kubitschek, 762 no Centro em Baependi\/MG. Entre em contato com os nossos vendedores: \u260e\ufe0f (35) 3183-0379 \u2728 Prezamos sempre a melhor qualidade de nossos&hellip;\"\/>\r\n\t\t\t\t\t\t\t\t\t\t\t<\/a>\r\n\t\t\t\t<\/div>\r\n\t\t\t<\/div>\r\n\t\t\t\t\t<div class=\"stratum-instagram__item masonry-item\">\r\n\t\t\t\t<div class=\"stratum-instagram__media-wrapper\">\r\n\t\t\t\t\t<a class=\"stratum-instagram__media-link\" target=\"_blank\" href=\"https:\/\/www.instagram.com\/p\/DXy_VB9E1CI\/\">\r\n\t\t\t\t\t\t\t\t\t\t\t\t\t<img decoding=\"async\" class=\"stratum-instagram__media\" src=\"https:\/\/scontent-gru1-1.cdninstagram.com\/v\/t51.82787-15\/682975114_18099588212074577_6032326636769706751_n.webp?stp=dst-jpg_e35_tt6&#038;_nc_cat=104&#038;ccb=7-5&#038;_nc_sid=18de74&#038;efg=eyJlZmdfdGFnIjoiRkVFRC5iZXN0X2ltYWdlX3VybGdlbi5DMyJ9&#038;_nc_ohc=kecA6775qHsQ7kNvwETYtpP&#038;_nc_oc=AdoFVRscE4P6Ic08UOegqKwoPpaXP5OmyxzucqSRAB5PUDwlUXp_dkossTOcsgW-trb7hn00m-tnqJICYcBbEoTR&#038;_nc_zt=23&#038;_nc_ht=scontent-gru1-1.cdninstagram.com&#038;edm=ANo9K5cEAAAA&#038;_nc_gid=2sNhvktYk6_-eJmzMW97Xw&#038;_nc_tpa=Q5bMBQH0jLUDCDlNaHUlKUCrCfeRU761KmSmWeHsMoWR3NnVxZakXA6C1CFjp1fGTe6CRYl3SrOwyZIBrg&#038;oh=00_Af4zSBt0CP0rvbC8sSVohMR1J8RXwIFEPXlWZfgWIt0rWA&#038;oe=69FE9F34\" alt=\"Feliz Dia do Trabalhador! \ud83d\udcbc\ud83d\udcaa\ud83c\udffd A Alfa Construtora e Loteadora valoriza cada esfor\u00e7o e dedica\u00e7\u00e3o. Juntos, constru\u00edmos um futuro cada vez melhor. \ud83d\udccdFa\u00e7a-nos uma visita, estamos localizados na Av. Juscelino Kubitschek, 762 no Centro em Baependi\/MG. Entre em contato com os nossos vendedores: \u260e\ufe0f (35) 3183-0379 \u2728 Prezamos sempre a melhor qualidade de nossos produtos!&hellip;\"\/>\r\n\t\t\t\t\t\t\t\t\t\t\t<\/a>\r\n\t\t\t\t<\/div>\r\n\t\t\t<\/div>\r\n\t\t\t\t\t<div class=\"stratum-instagram__item masonry-item\">\r\n\t\t\t\t<div class=\"stratum-instagram__media-wrapper\">\r\n\t\t\t\t\t<a class=\"stratum-instagram__media-link\" target=\"_blank\" href=\"https:\/\/www.instagram.com\/p\/DXt9hCaFdKI\/\">\r\n\t\t\t\t\t\t\t\t\t\t\t\t\t<img decoding=\"async\" class=\"stratum-instagram__media\" src=\"https:\/\/scontent-gru2-2.cdninstagram.com\/v\/t51.82787-15\/682622586_18099389063074577_7317570079906828547_n.webp?stp=dst-jpg_e35_tt6&#038;_nc_cat=102&#038;ccb=7-5&#038;_nc_sid=18de74&#038;efg=eyJlZmdfdGFnIjoiRkVFRC5iZXN0X2ltYWdlX3VybGdlbi5DMyJ9&#038;_nc_ohc=sh_KaNWyJcIQ7kNvwGdnYsu&#038;_nc_oc=AdrIMVwx7aYZGWBDlMeF8gE_ukMklKh17Yum1a1Ppr7hmeSn9crjbWupDh3ykIFOTqFPKfRFLaIOuTt4KmJLiIFb&#038;_nc_zt=23&#038;_nc_ht=scontent-gru2-2.cdninstagram.com&#038;edm=ANo9K5cEAAAA&#038;_nc_gid=2sNhvktYk6_-eJmzMW97Xw&#038;_nc_tpa=Q5bMBQGpxEhINI6R3PA5qDHY9Gw1COc36rSiCpop564iRCzx5a-6WLLMRL48eI8S7VKuPaG9lKthps_jfQ&#038;oh=00_Af7NlEmDccwpwCYsRzwsqwDMNy8t-K4DcK7Xtj4VuDW0yA&#038;oe=69FEAE09\" alt=\"Agrademos a compreens\u00e3o! Prezamos sempre a melhor qualidade de nossos produtos! #constru\u00e7\u00e3o #construindosonhos #qualidade #melhorespre\u00e7os\"\/>\r\n\t\t\t\t\t\t\t\t\t\t\t<\/a>\r\n\t\t\t\t<\/div>\r\n\t\t\t<\/div>\r\n\t\t\t\t\t<div class=\"stratum-instagram__item masonry-item\">\r\n\t\t\t\t<div class=\"stratum-instagram__media-wrapper\">\r\n\t\t\t\t\t<a class=\"stratum-instagram__media-link\" target=\"_blank\" href=\"https:\/\/www.instagram.com\/p\/DXt11r8kyuS\/\">\r\n\t\t\t\t\t\t\t\t\t\t\t\t\t<img decoding=\"async\" class=\"stratum-instagram__media\" src=\"https:\/\/scontent-gru2-1.cdninstagram.com\/v\/t51.82787-15\/681384861_18099389009074577_439984760899974815_n.webp?stp=dst-jpg_e35_tt6&#038;_nc_cat=109&#038;ccb=7-5&#038;_nc_sid=18de74&#038;efg=eyJlZmdfdGFnIjoiRkVFRC5iZXN0X2ltYWdlX3VybGdlbi5DMyJ9&#038;_nc_ohc=QjEDna2E5Z8Q7kNvwGOOQLX&#038;_nc_oc=AdruYmbYiVyQUaASsSNQuuYHUtY_iVPnwQC2YN40lsm0YdBPMvAvpb7riIrErHzopCnDsw9GeWqpN9Iw6L2fUAZ3&#038;_nc_zt=23&#038;_nc_ht=scontent-gru2-1.cdninstagram.com&#038;edm=ANo9K5cEAAAA&#038;_nc_gid=2sNhvktYk6_-eJmzMW97Xw&#038;_nc_tpa=Q5bMBQGaRHpZx0p00FJKQkJqO6SLXRrBDVQBaGVertCMykGimBM-TvFimeUo_j9wdE3liIZZ-C70CH7ozA&#038;oh=00_Af6KQECvNPnZiuElKUCynd_Iu6nawEfOeXdoqmsvG8EI5A&#038;oe=69FE8800\" alt=\"\ud83d\udccdFa\u00e7a-nos uma visita, estamos localizados na Av. Juscelino Kubitschek, 762 no Centro em Baependi\/MG. Entre em contato com os nossos vendedores: \u260e\ufe0f (35) 3183-0379 \u2728 Prezamos sempre a melhor qualidade de nossos produtos! #constru\u00e7\u00e3o #construindosonhos #qualidade #melhorespre\u00e7os #baependi\"\/>\r\n\t\t\t\t\t\t\t\t\t\t\t<\/a>\r\n\t\t\t\t<\/div>\r\n\t\t\t<\/div>\r\n\t\t\t\t\t<div class=\"stratum-instagram__item masonry-item\">\r\n\t\t\t\t<div class=\"stratum-instagram__media-wrapper\">\r\n\t\t\t\t\t<a class=\"stratum-instagram__media-link\" target=\"_blank\" href=\"https:\/\/www.instagram.com\/p\/DXWyvbtjmKO\/\">\r\n\t\t\t\t\t\t\t\t\t\t\t\t\t<img decoding=\"async\" class=\"stratum-instagram__media\" src=\"https:\/\/scontent-gru2-2.cdninstagram.com\/v\/t51.82787-15\/671741216_18098461859074577_3611857252241723319_n.webp?stp=dst-jpg_e35_tt6&#038;_nc_cat=105&#038;ccb=7-5&#038;_nc_sid=18de74&#038;efg=eyJlZmdfdGFnIjoiRkVFRC5iZXN0X2ltYWdlX3VybGdlbi5DMyJ9&#038;_nc_ohc=_JajHNC2nCEQ7kNvwHlhi8d&#038;_nc_oc=Adp3ZPaY3hWelTX2aZdOeigW8C2oJsifKWVWkyKcO-46-A3xnPM50i0kxCeJzBm84oubatPbmPJcQ1WmbUUtpwvM&#038;_nc_zt=23&#038;_nc_ht=scontent-gru2-2.cdninstagram.com&#038;edm=ANo9K5cEAAAA&#038;_nc_gid=2sNhvktYk6_-eJmzMW97Xw&#038;_nc_tpa=Q5bMBQFgnXxVaiFL0JTRGombRrw0_lSlblGWbGb75yjt2qegBTYMHrvC-eBEZS3V4-qdmLl3FUIRVyAGAg&#038;oh=00_Af4AKuRfAmoLrkCVmASw6d3M9CirEzhK2-2HhIKIT8_pzQ&#038;oe=69FEB85D\" alt=\"Agrademos a compreens\u00e3o! Prezamos sempre a melhor qualidade de nossos produtos! #constru\u00e7\u00e3o #construindosonhos #qualidade #melhorespre\u00e7os\"\/>\r\n\t\t\t\t\t\t\t\t\t\t\t<\/a>\r\n\t\t\t\t<\/div>\r\n\t\t\t<\/div>\r\n\t\t\t\t\t<div class=\"stratum-instagram__item masonry-item\">\r\n\t\t\t\t<div class=\"stratum-instagram__media-wrapper\">\r\n\t\t\t\t\t<a class=\"stratum-instagram__media-link\" target=\"_blank\" href=\"https:\/\/www.instagram.com\/p\/DWv2kwmE_FP\/\">\r\n\t\t\t\t\t\t\t\t\t\t\t\t\t<img decoding=\"async\" class=\"stratum-instagram__media\" src=\"https:\/\/scontent-gru1-2.cdninstagram.com\/v\/t51.82787-15\/658952302_18096977192074577_3023883701774325517_n.webp?stp=dst-jpg_e35_tt6&#038;_nc_cat=103&#038;ccb=7-5&#038;_nc_sid=18de74&#038;efg=eyJlZmdfdGFnIjoiRkVFRC5iZXN0X2ltYWdlX3VybGdlbi5DMyJ9&#038;_nc_ohc=aom8v4gKEfYQ7kNvwEc5C3A&#038;_nc_oc=AdptTXsCEM6VcEgSpT4kyH5tF-1gtvviuAgwqKkQzHCPDMSgACe6SA_ol4JRIb8PvNuTvdY1YQDE5511L46u-NcD&#038;_nc_zt=23&#038;_nc_ht=scontent-gru1-2.cdninstagram.com&#038;edm=ANo9K5cEAAAA&#038;_nc_gid=2sNhvktYk6_-eJmzMW97Xw&#038;_nc_tpa=Q5bMBQHKnd0RFog-fk5mTOq6J3Tv3hJg02CHqNGrtHB104xZUEXz5XCuUKlu88pMmBI4Qo3GL3jhk59KQg&#038;oh=00_Af7_P6gEr7QHiLFePY3su6zxFAjF5B3rq179jkq2iUjHTQ&#038;oe=69FE8D98\" alt=\"\ud83d\udccdFa\u00e7a-nos uma visita, estamos localizados na Av. Juscelino Kubitschek, 762 no Centro em Baependi\/MG. Entre em contato com os nossos vendedores: \u260e\ufe0f (35) 3183-0379 \u2728 Prezamos sempre a melhor qualidade de nossos produtos! #constru\u00e7\u00e3o #construindosonhos #qualidade #melhorespre\u00e7os #baependi caxambu\"\/>\r\n\t\t\t\t\t\t\t\t\t\t\t<\/a>\r\n\t\t\t\t<\/div>\r\n\t\t\t<\/div>\r\n\t\t\t\t\t<div class=\"stratum-instagram__item masonry-item\">\r\n\t\t\t\t<div class=\"stratum-instagram__media-wrapper\">\r\n\t\t\t\t\t<a class=\"stratum-instagram__media-link\" target=\"_blank\" href=\"https:\/\/www.instagram.com\/p\/DWoUwNfk8FQ\/\">\r\n\t\t\t\t\t\t\t\t\t\t\t\t\t<img decoding=\"async\" class=\"stratum-instagram__media\" src=\"https:\/\/scontent-gru1-1.cdninstagram.com\/v\/t51.82787-15\/660615512_18096690794074577_1360380682426399111_n.webp?stp=dst-jpg_e35_tt6&#038;_nc_cat=104&#038;ccb=7-5&#038;_nc_sid=18de74&#038;efg=eyJlZmdfdGFnIjoiRkVFRC5iZXN0X2ltYWdlX3VybGdlbi5DMyJ9&#038;_nc_ohc=iiOcIlUAPx0Q7kNvwEimQBn&#038;_nc_oc=AdqHFVzBmgSfRUUFLVtk3kJGI-fE10NvqUqMUL605ftlyJZIog630lkmH4b42LInJBYn5d-QXEHq4HzjrOPBnn7F&#038;_nc_zt=23&#038;_nc_ht=scontent-gru1-1.cdninstagram.com&#038;edm=ANo9K5cEAAAA&#038;_nc_gid=2sNhvktYk6_-eJmzMW97Xw&#038;_nc_tpa=Q5bMBQE8n4qvCQRcGNzvcxGPrF7LHZ0jZgxfeX3h-Aedla7IuMzgX3XYB0lY-tEJR4odbD0pjcckYnTSCQ&#038;oh=00_Af4kbMrfI1PqKT6g7GCm6J7T5SEkp8HYlSYc6Gj8JXv7dA&#038;oe=69FEA6F7\" alt=\"A Alfa Construtora e Loteadora n\u00e3o ir\u00e1 funcionar no feriado de SEXTA-FEIRA dia 03\/04 devido a Sexta-feira da Paix\u00e3o.. Funcionaremos normalmente no s\u00e1bado dia 04\/04 de 7h ao 12h. Agrademos a compreens\u00e3o! Prezamos sempre a melhor qualidade de nossos produtos! #constru\u00e7\u00e3o #construindosonhos #qualidade #melhorespre\u00e7os\"\/>\r\n\t\t\t\t\t\t\t\t\t\t\t<\/a>\r\n\t\t\t\t<\/div>\r\n\t\t\t<\/div>\r\n\t\t\t\t\t<div class=\"stratum-instagram__item masonry-item\">\r\n\t\t\t\t<div class=\"stratum-instagram__media-wrapper\">\r\n\t\t\t\t\t<a class=\"stratum-instagram__media-link\" target=\"_blank\" href=\"https:\/\/www.instagram.com\/p\/DWWUwBaE0Up\/\">\r\n\t\t\t\t\t\t\t\t\t\t\t\t\t<img decoding=\"async\" class=\"stratum-instagram__media\" src=\"https:\/\/scontent-gru2-2.cdninstagram.com\/v\/t51.82787-15\/656883142_18095999834074577_4612707200188152355_n.webp?stp=dst-jpg_e35_tt6&#038;_nc_cat=102&#038;ccb=7-5&#038;_nc_sid=18de74&#038;efg=eyJlZmdfdGFnIjoiRkVFRC5iZXN0X2ltYWdlX3VybGdlbi5DMyJ9&#038;_nc_ohc=c-Mg3JfiXjAQ7kNvwEWNlGr&#038;_nc_oc=AdpPEovngu0SonpDhmBJ4ZQauGIiMpe9yiCscFCN2Xgwbka47n82BHxhbKWWpH4GpTeXpkLaDRBF-HlLLtkNekHn&#038;_nc_zt=23&#038;_nc_ht=scontent-gru2-2.cdninstagram.com&#038;edm=ANo9K5cEAAAA&#038;_nc_gid=2sNhvktYk6_-eJmzMW97Xw&#038;_nc_tpa=Q5bMBQHAJGzCvERncG4TJKkGY7aOY-Ebt5c8tNIDgKhTOnEl76zvTzN-MIoxAyfufLUFUe4mgMCIyjj3Lw&#038;oh=00_Af7Kb45QPwPtjoBAMVt8wKTt8CGwPgzuiqQIAILSlmp6AA&#038;oe=69FEA8BE\" alt=\"\ud83d\udccdFa\u00e7a-nos uma visita, estamos localizados na Av. Juscelino Kubitschek, 762 no Centro em Baependi\/MG. Entre em contato com os nossos vendedores: \u260e\ufe0f (35) 3183-0379 \u2728 Prezamos sempre a melhor qualidade de nossos produtos! #constru\u00e7\u00e3o #construindosonhos #qualidade #melhorespre\u00e7os #baependi\"\/>\r\n\t\t\t\t\t\t\t\t\t\t\t<\/a>\r\n\t\t\t\t<\/div>\r\n\t\t\t<\/div>\r\n\t\t\t\t\t<div class=\"stratum-instagram__item masonry-item\">\r\n\t\t\t\t<div class=\"stratum-instagram__media-wrapper\">\r\n\t\t\t\t\t<a class=\"stratum-instagram__media-link\" target=\"_blank\" href=\"https:\/\/www.instagram.com\/p\/DWEvN3WFXmj\/\">\r\n\t\t\t\t\t\t\t\t\t\t\t\t\t<img decoding=\"async\" class=\"stratum-instagram__media\" src=\"https:\/\/scontent-gru1-2.cdninstagram.com\/v\/t51.82787-15\/654040931_18095256839074577_5011174533313822922_n.jpg?stp=dst-jpg_e35_tt6&#038;_nc_cat=110&#038;ccb=7-5&#038;_nc_sid=18de74&#038;efg=eyJlZmdfdGFnIjoiRkVFRC5iZXN0X2ltYWdlX3VybGdlbi5DMyJ9&#038;_nc_ohc=3Zr5A9D_xCEQ7kNvwGV3XzW&#038;_nc_oc=AdoVBJRKUgdVj1V3etO9m7N0EgNPKz0mLaDYWBbXLOsn9JYeSvSZCDOszOEXGZu37ZpVQq2ZJL26fGgxs-vBea2a&#038;_nc_zt=23&#038;_nc_ht=scontent-gru1-2.cdninstagram.com&#038;edm=ANo9K5cEAAAA&#038;_nc_gid=2sNhvktYk6_-eJmzMW97Xw&#038;_nc_tpa=Q5bMBQE4MgOXMF-pNMg_tolZVkbHO2vsCKJMIYe2rIuAzZXM12SEAJYc04nY6k1mdmOro5EsdAVtim0b3w&#038;oh=00_Af5TlO-E_jFheQt1JpkZn-JWABp3a7O1FICwPsu9ruX3jA&#038;oe=69FEB17C\" alt=\"\ud83d\udcbc Estamos contratando: Auxiliar de Sevi\u00e7os Gerais. \u2705 Requisitos: Trabalhar em equipe Responsabilidade Flexibilidade de hor\u00e1rio Residir em Baependi Sexo masculino \ud83d\udccdEstamos localizados na Av. Juscelino Kubitschek, 762 no Centro em Baependi\/MG. #constru\u00e7\u00e3o #construindosonhos #qualidade #melhorespre\u00e7os\"\/>\r\n\t\t\t\t\t\t\t\t\t\t\t<\/a>\r\n\t\t\t\t<\/div>\r\n\t\t\t<\/div>\r\n\t\t\t<\/div>\r\n<\/div>\r\n\t\t<\/div>\n\t\t\t\t<\/div>\n\t\t\t\t\t<\/div>\n\t\t\t\t<\/div>\n\t\t\t\t\t\t\t<\/div>\n\t\t","protected":false},"excerpt":{"rendered":"<div class=\"tmnf_excerpt\"><p>Publica\u00e7\u00f5es<\/p>\n<\/div>","protected":false},"author":1,"featured_media":0,"parent":0,"menu_order":0,"comment_status":"closed","ping_status":"closed","template":"elementor_header_footer","meta":{"footnotes":"","_joinchat":[]},"aioseo_notices":[],"_links":{"self":[{"href":"https:\/\/alfaconstrutoraeloteadora.com.br\/site\/wp-json\/wp\/v2\/pages\/6280"}],"collection":[{"href":"https:\/\/alfaconstrutoraeloteadora.com.br\/site\/wp-json\/wp\/v2\/pages"}],"about":[{"href":"https:\/\/alfaconstrutoraeloteadora.com.br\/site\/wp-json\/wp\/v2\/types\/page"}],"author":[{"embeddable":true,"href":"https:\/\/alfaconstrutoraeloteadora.com.br\/site\/wp-json\/wp\/v2\/users\/1"}],"replies":[{"embeddable":true,"href":"https:\/\/alfaconstrutoraeloteadora.com.br\/site\/wp-json\/wp\/v2\/comments?post=6280"}],"version-history":[{"count":37,"href":"https:\/\/alfaconstrutoraeloteadora.com.br\/site\/wp-json\/wp\/v2\/pages\/6280\/revisions"}],"predecessor-version":[{"id":7028,"href":"https:\/\/alfaconstrutoraeloteadora.com.br\/site\/wp-json\/wp\/v2\/pages\/6280\/revisions\/7028"}],"wp:attachment":[{"href":"https:\/\/alfaconstrutoraeloteadora.com.br\/site\/wp-json\/wp\/v2\/media?parent=6280"}],"curies":[{"name":"wp","href":"https:\/\/api.w.org\/{rel}","templated":true}]}}